{"id":20458,"date":"2026-03-02T08:07:32","date_gmt":"2026-03-02T06:07:32","guid":{"rendered":"https:\/\/elektrikas.ee\/?post_type=product&#038;p=20458"},"modified":"2026-03-19T20:55:55","modified_gmt":"2026-03-19T18:55:55","slug":"brickfight-kit-mould","status":"publish","type":"product","link":"https:\/\/www.elektrikas.ee\/lv\/p\/klotsid\/komplektid\/brickfight-kit-mould\/","title":{"rendered":"Brickfight konstruktora komplekts 1200 gab. Mould King"},"content":{"rendered":"<p>Viss nepiecie\u0161amais, lai uzb\u016bv\u0113tu savu pirmo kaujas robotu un v\u0113l vair\u0101k. Komplekts ir izstr\u0101d\u0101ts, \u0146emot v\u0113r\u0101 gan minim\u0101l\u0101s pras\u012bbas \u0137ie\u0123e\u013cu c\u012b\u0146\u0101m, gan in\u017eenierzin\u0101t\u0146u entuziastu vajadz\u012bbas, un taj\u0101 ietilpst ar\u012b diferenci\u0101lis, zobrati, servomotors un citas lietas.<\/p>\n<p>Ir 6 kr\u0101su opcijas, no kur\u0101m izv\u0113l\u0113ties.<\/p>\n<p>Pa\u0161laik m\u0113s mont\u0113jam produktus ar rok\u0101m, un ne viss n\u0101k no vienas r\u016bpn\u012bcas, t\u0101p\u0113c produkta izgatavo\u0161ana var aiz\u0146emt l\u012bdz pat 30 dien\u0101m.<\/p>\n<p>Komplekt\u0101 ietilpst Mould King motori: 2x L motors, Monster motors un servo + t\u0101lvad\u012bbas pults un akumulators.<\/p>\n<p>Ir pietiekami daudz deta\u013cu diviem robotiem, bet, ja v\u0113laties divas piedzi\u0146as ma\u0161\u012bnas, b\u016bs nepiecie\u0161ams ar\u012b otrs motoru komplekts.<\/p>\n<p>Deta\u013cu kop\u0113jais svars 1410 g (ieskaitot 4 motorus, t\u0101lvad\u012bbas pulti un akumulatoru).<\/p>\n<p>Produkta neto svars 2680 g.<\/p>","protected":false},"excerpt":{"rendered":"<p>Viss nepiecie\u0161amais, lai uzb\u016bv\u0113tu savu pirmo kaujas robotu un v\u0113l vair\u0101k. Komplekts ir izstr\u0101d\u0101ts, \u0146emot v\u0113r\u0101 gan minim\u0101l\u0101s pras\u012bbas \u0137ie\u0123e\u013cu c\u012b\u0146\u0101m, gan in\u017eenierzin\u0101t\u0146u entuziastu vajadz\u012bbas, un taj\u0101 ietilpst ar\u012b diferenci\u0101lis, zobrati, servo motors utt. Ir pieejamas 6 kr\u0101su opcijas. Pa\u0161laik produktus mont\u0113jam ar rok\u0101m, un ne viss n\u0101k no vienas r\u016bpn\u012bcas, t\u0101p\u0113c produkta izgatavo\u0161ana var ilgt l\u012bdz pat 30 dien\u0101m. Komplekt\u0101 ietilpst Mould King motori: [\u2026]<\/p>","protected":false},"featured_media":20432,"template":"","meta":[],"product_brand":[],"product_cat":[270],"product_tag":[],"class_list":{"0":"post-20458","1":"product","2":"type-product","3":"status-publish","4":"has-post-thumbnail","6":"product_cat-komplektid","8":"first","9":"instock","10":"taxable","11":"shipping-taxable","12":"purchasable","13":"product-type-variable","14":"wvs-archive-product-wrapper"},"_links":{"self":[{"href":"https:\/\/www.elektrikas.ee\/lv\/wp-json\/wp\/v2\/product\/20458","targetHints":{"allow":["GET"]}}],"collection":[{"href":"https:\/\/www.elektrikas.ee\/lv\/wp-json\/wp\/v2\/product"}],"about":[{"href":"https:\/\/www.elektrikas.ee\/lv\/wp-json\/wp\/v2\/types\/product"}],"wp:featuredmedia":[{"embeddable":true,"href":"https:\/\/www.elektrikas.ee\/lv\/wp-json\/wp\/v2\/media\/20432"}],"wp:attachment":[{"href":"https:\/\/www.elektrikas.ee\/lv\/wp-json\/wp\/v2\/media?parent=20458"}],"wp:term":[{"taxonomy":"product_brand","embeddable":true,"href":"https:\/\/www.elektrikas.ee\/lv\/wp-json\/wp\/v2\/product_brand?post=20458"},{"taxonomy":"product_cat","embeddable":true,"href":"https:\/\/www.elektrikas.ee\/lv\/wp-json\/wp\/v2\/product_cat?post=20458"},{"taxonomy":"product_tag","embeddable":true,"href":"https:\/\/www.elektrikas.ee\/lv\/wp-json\/wp\/v2\/product_tag?post=20458"}],"curies":[{"name":"wp","href":"https:\/\/api.w.org\/{rel}","templated":true}]}}