{"id":20095,"date":"2025-12-04T00:34:52","date_gmt":"2025-12-03T22:34:52","guid":{"rendered":"https:\/\/elektrikas.ee\/p\/maaratlemata\/libisev-sidur-hammasratas\/"},"modified":"2025-12-04T00:34:52","modified_gmt":"2025-12-03T22:34:52","slug":"libisev-sidur-hammasratas","status":"publish","type":"product","link":"https:\/\/www.elektrikas.ee\/lv\/p\/klotsid\/raamid\/libisev-sidur-hammasratas\/","title":{"rendered":"B\u012bd\u0101ma saj\u016bga p\u0101rnesums"},"content":{"rendered":"<div class=\"product-specs-list-container\">\n<p>Izmanto, lai pagarin\u0101tu dzin\u0113ju kalpo\u0161anas laiku da\u017e\u0101d\u0101s transmisij\u0101s<\/p>\n<\/div>","protected":false},"excerpt":{"rendered":"<p>Izmanto, lai pagarin\u0101tu dzin\u0113ju kalpo\u0161anas laiku da\u017e\u0101d\u0101s transmisij\u0101s<\/p>","protected":false},"featured_media":20096,"template":"","meta":[],"product_brand":[],"product_cat":[272],"product_tag":[],"class_list":{"0":"post-20095","1":"product","2":"type-product","3":"status-publish","4":"has-post-thumbnail","6":"product_cat-raamid","8":"first","9":"instock","10":"taxable","11":"shipping-taxable","12":"purchasable","13":"product-type-simple"},"_links":{"self":[{"href":"https:\/\/www.elektrikas.ee\/lv\/wp-json\/wp\/v2\/product\/20095","targetHints":{"allow":["GET"]}}],"collection":[{"href":"https:\/\/www.elektrikas.ee\/lv\/wp-json\/wp\/v2\/product"}],"about":[{"href":"https:\/\/www.elektrikas.ee\/lv\/wp-json\/wp\/v2\/types\/product"}],"wp:featuredmedia":[{"embeddable":true,"href":"https:\/\/www.elektrikas.ee\/lv\/wp-json\/wp\/v2\/media\/20096"}],"wp:attachment":[{"href":"https:\/\/www.elektrikas.ee\/lv\/wp-json\/wp\/v2\/media?parent=20095"}],"wp:term":[{"taxonomy":"product_brand","embeddable":true,"href":"https:\/\/www.elektrikas.ee\/lv\/wp-json\/wp\/v2\/product_brand?post=20095"},{"taxonomy":"product_cat","embeddable":true,"href":"https:\/\/www.elektrikas.ee\/lv\/wp-json\/wp\/v2\/product_cat?post=20095"},{"taxonomy":"product_tag","embeddable":true,"href":"https:\/\/www.elektrikas.ee\/lv\/wp-json\/wp\/v2\/product_tag?post=20095"}],"curies":[{"name":"wp","href":"https:\/\/api.w.org\/{rel}","templated":true}]}}