{"id":19583,"date":"2025-10-27T22:55:28","date_gmt":"2025-10-27T20:55:28","guid":{"rendered":"https:\/\/elektrikas.ee\/p\/maaratlemata\/4-kanaliga-pult-aku\/"},"modified":"2026-04-19T13:28:27","modified_gmt":"2026-04-19T10:28:27","slug":"4-kanaliga-pult-aku","status":"publish","type":"product","link":"https:\/\/www.elektrikas.ee\/lv\/p\/klotsid\/puldid-ja-akud\/4-kanaliga-pult-aku\/","title":{"rendered":"4 kan\u0101lu konsole + akumulators"},"content":{"rendered":"<div class=\"product-specs-list-container\">\n<p>Piem\u0113rots parast\u0101m LEGO automa\u0161\u012bn\u0101m un robotikai, nav paredz\u0113ts bloku c\u012b\u0146\u0101m, labi regul\u0113jams vai piel\u0101gojams \u0101trums. Vad\u012bbas sviras ir tikai uz aug\u0161u uz leju + pa kreisi pa labi. T\u0101 k\u0101 t\u0101lvad\u012bbas pults aug\u0161\u0113j\u0101 st\u016br\u012b eso\u0161\u0101s pogas nedarbojas, ir gr\u016bti izmantot pistoli blokfightingam.  2\/5.<\/p>\n<p>Viens tr\u016bkums - t\u0101lvad\u012bbas pults rokturi da\u017ek\u0101rt iespr\u016bst brauk\u0161anas poz\u012bcij\u0101 vai aktiviz\u0113jas pa\u0161i. T\u0101lvad\u012bbas pults ir j\u0101iesl\u0113dz un j\u0101izsl\u0113dz vai \u012bslaic\u012bgi j\u0101pieskaras tai.<\/p>\n<p>Akumulatora darb\u012bbas laiks ar vienu uzl\u0101di ~40 min.<\/p>\n<p>Iepakojum\u0101 ir:<\/p>\n<ul>\n<li>1 x uzl\u0101d\u0113jama t\u0101lvad\u012bbas pults<\/li>\n<li>1 x uzl\u0101d\u0113jams akumulators<\/li>\n<li>1 x USB uzl\u0101des kabelis<\/li>\n<\/ul>\n<\/div>","protected":false},"excerpt":{"rendered":"<p>Sobib tavalise LEGO auto ja robootika jaoks, klotsilahingu jaoks mitte, hea reguleeritav ehk adaptiivne kiirus. Juhtimiskangid on ainult \u00fcles-alla + vasak-parem. Kuna puldi \u00fcleval nurgas olevad nupud ei t\u00f6\u00f6ta on klotsilahingu jaoks relva raske kasutada.\u00a0 2\/5. \u00dcks miinus &#8211; puldi juhtimiskangid j\u00e4\u00e4vad m\u00f5nikord s\u00f5iduasendisse kinni v\u00f5i aktiveeruvad ise. Pult tuleb korraks sisse-v\u00e4lja l\u00fclitada v\u00f5i korraks [&hellip;]<\/p>","protected":false},"featured_media":19584,"template":"","meta":[],"product_brand":[],"product_cat":[271],"product_tag":[],"class_list":{"0":"post-19583","1":"product","2":"type-product","3":"status-publish","4":"has-post-thumbnail","6":"product_cat-puldid-ja-akud","8":"first","9":"instock","10":"taxable","11":"shipping-taxable","12":"purchasable","13":"product-type-simple"},"_links":{"self":[{"href":"https:\/\/www.elektrikas.ee\/lv\/wp-json\/wp\/v2\/product\/19583","targetHints":{"allow":["GET"]}}],"collection":[{"href":"https:\/\/www.elektrikas.ee\/lv\/wp-json\/wp\/v2\/product"}],"about":[{"href":"https:\/\/www.elektrikas.ee\/lv\/wp-json\/wp\/v2\/types\/product"}],"wp:featuredmedia":[{"embeddable":true,"href":"https:\/\/www.elektrikas.ee\/lv\/wp-json\/wp\/v2\/media\/19584"}],"wp:attachment":[{"href":"https:\/\/www.elektrikas.ee\/lv\/wp-json\/wp\/v2\/media?parent=19583"}],"wp:term":[{"taxonomy":"product_brand","embeddable":true,"href":"https:\/\/www.elektrikas.ee\/lv\/wp-json\/wp\/v2\/product_brand?post=19583"},{"taxonomy":"product_cat","embeddable":true,"href":"https:\/\/www.elektrikas.ee\/lv\/wp-json\/wp\/v2\/product_cat?post=19583"},{"taxonomy":"product_tag","embeddable":true,"href":"https:\/\/www.elektrikas.ee\/lv\/wp-json\/wp\/v2\/product_tag?post=19583"}],"curies":[{"name":"wp","href":"https:\/\/api.w.org\/{rel}","templated":true}]}}