{"id":19580,"date":"2025-10-27T22:44:55","date_gmt":"2025-10-27T20:44:55","guid":{"rendered":"https:\/\/elektrikas.ee\/p\/maaratlemata\/6-kanaliga-pult-aku\/"},"modified":"2026-03-28T10:12:09","modified_gmt":"2026-03-28T08:12:09","slug":"6-kanaliga-pult-aku","status":"publish","type":"product","link":"https:\/\/www.elektrikas.ee\/lv\/p\/klotsid\/puldid-ja-akud\/6-kanaliga-pult-aku\/","title":{"rendered":"6 kan\u0101lu konsole + akumulators"},"content":{"rendered":"<div class=\"product-specs-list-container\">\n<p>Labi lietojams, regul\u0113jams vai adapt\u012bvs \u0101trums 4\/5.<\/p>\n<p>Viens tr\u016bkums - t\u0101lvad\u012bbas pults rokturi da\u017ek\u0101rt reti blo\u0137\u0113jas brauk\u0161anas poz\u012bcij\u0101 vai pa\u0161i aktiviz\u0113jas. T\u0101lvad\u012bbas pults ir j\u0101iesl\u0113dz un j\u0101izsl\u0113dz vai \u012bslaic\u012bgi j\u0101pieskaras tai.<\/p>\n<p>Akumulatora darb\u012bbas laiks ar vienu uzl\u0101di ~40 min.<\/p>\n<p>Iepakojum\u0101 ir:<\/p>\n<ul>\n<li>1 x uzl\u0101d\u0113jama t\u0101lvad\u012bbas pults<\/li>\n<li>1 x uzl\u0101d\u0113jams akumulators<\/li>\n<li>1 x USB uzl\u0101des kabelis<\/li>\n<\/ul>\n<\/div>","protected":false},"excerpt":{"rendered":"<p>Hea kasutada, reguleeritav ehk adaptiivne kiirus 4\/5. \u00dcks miinus &#8211; puldi juhtimiskangid j\u00e4\u00e4vad m\u00f5nikord harva s\u00f5iduasendisse kinni v\u00f5i aktiveeruvad ise. Pult tuleb korraks sisse-v\u00e4lja l\u00fclitada v\u00f5i korraks toksata. Kasutusaeg \u00fche laadimisega ~40min. Pakend sisaldab: 1 x laetav kaugjuhtimispult 1 x laetav aku 1 x USB laadimiskaabel<\/p>","protected":false},"featured_media":19581,"template":"","meta":[],"product_brand":[],"product_cat":[271],"product_tag":[],"class_list":{"0":"post-19580","1":"product","2":"type-product","3":"status-publish","4":"has-post-thumbnail","6":"product_cat-puldid-ja-akud","8":"first","9":"instock","10":"featured","11":"taxable","12":"shipping-taxable","13":"purchasable","14":"product-type-simple"},"_links":{"self":[{"href":"https:\/\/www.elektrikas.ee\/lv\/wp-json\/wp\/v2\/product\/19580","targetHints":{"allow":["GET"]}}],"collection":[{"href":"https:\/\/www.elektrikas.ee\/lv\/wp-json\/wp\/v2\/product"}],"about":[{"href":"https:\/\/www.elektrikas.ee\/lv\/wp-json\/wp\/v2\/types\/product"}],"wp:featuredmedia":[{"embeddable":true,"href":"https:\/\/www.elektrikas.ee\/lv\/wp-json\/wp\/v2\/media\/19581"}],"wp:attachment":[{"href":"https:\/\/www.elektrikas.ee\/lv\/wp-json\/wp\/v2\/media?parent=19580"}],"wp:term":[{"taxonomy":"product_brand","embeddable":true,"href":"https:\/\/www.elektrikas.ee\/lv\/wp-json\/wp\/v2\/product_brand?post=19580"},{"taxonomy":"product_cat","embeddable":true,"href":"https:\/\/www.elektrikas.ee\/lv\/wp-json\/wp\/v2\/product_cat?post=19580"},{"taxonomy":"product_tag","embeddable":true,"href":"https:\/\/www.elektrikas.ee\/lv\/wp-json\/wp\/v2\/product_tag?post=19580"}],"curies":[{"name":"wp","href":"https:\/\/api.w.org\/{rel}","templated":true}]}}