{"id":18661,"date":"2025-06-11T16:25:30","date_gmt":"2025-06-11T13:25:30","guid":{"rendered":"https:\/\/elektrikas.ee\/p\/maaratlemata\/wltoys-144010-v8-144001-led-2-4g-racing-114-rc-car-70-km-h-brushless-motor-4wd-high-speed-off-road-vehicle-drift-toys-kids-gift\/"},"modified":"2025-10-28T23:38:21","modified_gmt":"2025-10-28T21:38:21","slug":"wltoys-144010-v8","status":"publish","type":"product","link":"https:\/\/www.elektrikas.ee\/lv\/p\/rc\/4x4\/wltoys-144010-v8\/","title":{"rendered":"WLtoys 144010-V8 1:14 70KM\/H 4WD t\u0101lvad\u012bbas automa\u0161\u012bna"},"content":{"rendered":"<p>Modelis: WL 144010<\/p>\n<p>Z\u012bmola nosaukums: WLtoys<\/p>\n<p>M\u0113rogi: 1:14<\/p>\n<p>Izstr\u0101d\u0101juma izm\u0113rs (CM): 31*20,5*11<\/p>\n<p>Iepakojuma izm\u0113rs (CM): 41,5 * 22,7 * 14<\/p>\n<p>Iepakojuma izm\u0113rs (CM): 41*25*14<\/p>\n<p>Izstr\u0101d\u0101juma svars: 0,89 kg<\/p>\n<p>Iepakojuma svars: 1,54 kg<\/p>\n<p>Maksim\u0101lais \u0101trums: 75 km\/h<\/p>\n<p>Brauciena laiks: 8 min\u016btes<\/p>\n<p>Uzl\u0101des laiks: 3 stundas<\/p>\n<p>T\u0101lvad\u012bbas pults: 2.4G t\u0101lvad\u012bbas pults<\/p>\n<p>T\u0101lvad\u012bbas pults baterija: 4*AA baterijas (nav iek\u013cautas komplekt\u0101).<\/p>\n<p>Att\u0101lums: 100 metri +<\/p>\n<p>Piedzi\u0146as motors: bezsuku motors<\/p>\n<p>Standarta inform\u0101cija par akumulatoru: 7,4 V 1500 mAh<\/p>","protected":false},"excerpt":{"rendered":"<p>Mudel: WL 144010 Kaubam\u00e4rk: WLtoys M\u00f5\u00f5tkava: 1:14 Toote suurus (CM): 31*20,5*11 Pakendi suurus (CM): 41,5*22,7*14 Pakendi suurus (CM): 41*25*14 Toote kaal: 0,89 kg Pakendi kaal: 1,54 kg Maksimaalne kiirus: 75 km\/h S\u00f5iduaeg: 8 minutit Laadimisaeg: 3 tundi Kaugjuhtimispult: 2,4G kaugjuhtimispult Kaugjuhtimispuldi patarei: 4 * AA patarei (ei kuulu komplekti) Kaugkaugus: 100 meetrit + Ajami mootor: [&hellip;]<\/p>","protected":false},"featured_media":18662,"template":"","meta":[],"product_brand":[],"product_cat":[166],"product_tag":[],"class_list":{"0":"post-18661","1":"product","2":"type-product","3":"status-publish","4":"has-post-thumbnail","6":"product_cat-4x4","8":"first","9":"instock","10":"taxable","11":"shipping-taxable","12":"purchasable","13":"product-type-variable","14":"wvs-archive-product-wrapper"},"_links":{"self":[{"href":"https:\/\/www.elektrikas.ee\/lv\/wp-json\/wp\/v2\/product\/18661","targetHints":{"allow":["GET"]}}],"collection":[{"href":"https:\/\/www.elektrikas.ee\/lv\/wp-json\/wp\/v2\/product"}],"about":[{"href":"https:\/\/www.elektrikas.ee\/lv\/wp-json\/wp\/v2\/types\/product"}],"wp:featuredmedia":[{"embeddable":true,"href":"https:\/\/www.elektrikas.ee\/lv\/wp-json\/wp\/v2\/media\/18662"}],"wp:attachment":[{"href":"https:\/\/www.elektrikas.ee\/lv\/wp-json\/wp\/v2\/media?parent=18661"}],"wp:term":[{"taxonomy":"product_brand","embeddable":true,"href":"https:\/\/www.elektrikas.ee\/lv\/wp-json\/wp\/v2\/product_brand?post=18661"},{"taxonomy":"product_cat","embeddable":true,"href":"https:\/\/www.elektrikas.ee\/lv\/wp-json\/wp\/v2\/product_cat?post=18661"},{"taxonomy":"product_tag","embeddable":true,"href":"https:\/\/www.elektrikas.ee\/lv\/wp-json\/wp\/v2\/product_tag?post=18661"}],"curies":[{"name":"wp","href":"https:\/\/api.w.org\/{rel}","templated":true}]}}