{"id":18651,"date":"2025-06-11T16:25:29","date_gmt":"2025-06-11T13:25:29","guid":{"rendered":"https:\/\/elektrikas.ee\/p\/maaratlemata\/wltoys-124007-124019-pro-112-brushless-rc-car-4wd-75km-h-rtr-one-hand-remote-control-racing-off-road-drift-boys-toys-kids-gift\/"},"modified":"2025-10-28T23:39:02","modified_gmt":"2025-10-28T21:39:02","slug":"wltoys-124007-124019","status":"publish","type":"product","link":"https:\/\/www.elektrikas.ee\/lv\/p\/rc\/4x4\/wltoys-124007-124019\/","title":{"rendered":"WLtoys 124007 1:12 75KM\/H 4WD radio vad\u0101ma automa\u0161\u012bna"},"content":{"rendered":"<p>Modelis: WL 124007<\/p>\n<p>Z\u012bmola nosaukums: WLtoys<\/p>\n<p>M\u0113rogi: 1:12<\/p>\n<p>Izstr\u0101d\u0101juma izm\u0113rs (CM): 35,6*20,8*11<\/p>\n<p>Iepakojuma izm\u0113rs (CM): 45*24*15<\/p>\n<p>Izstr\u0101d\u0101juma svars: 1,03 kg<\/p>\n<p>Iepakojuma svars: 1,71 kg<\/p>\n<p>Maksim\u0101lais \u0101trums: 75 km\/h<\/p>\n<p>Brauciena laiks: 8 min\u016btes<\/p>\n<p>Uzl\u0101des laiks: 300 min\u016btes<\/p>\n<p>T\u0101lvad\u012bbas pults: 2,4 GHz t\u0101lvad\u012bbas panelis<\/p>\n<p>T\u0101lvad\u012bbas pults baterija: 4*AA baterijas (nav iek\u013cautas komplekt\u0101).<\/p>\n<p>Att\u0101lums: 100 metri +<\/p>\n<p>Piedzi\u0146as motors: bezsuku motors<\/p>\n<p>Standarta akumulatora inform\u0101cija: 7,4 V 2200 mAh litija jonu akumulators<\/p>","protected":false},"excerpt":{"rendered":"<p>Mudel: WL 124007 Kaubam\u00e4rk: WLtoys M\u00f5\u00f5tkava: 1:12 Toote suurus (CM): 35,6*20,8*11 Pakendi suurus (CM): 45*24*15 Toote kaal: 1,03 kg Pakendi kaal: 1,71 kg Maksimaalne kiirus: 75 km\/h S\u00f5iduaeg: 8 minutit Laadimisaeg: 300 minutit Kaugjuhtimispult: 2,4 GHz kaugjuhtimispult Kaugjuhtimispuldi patarei: 4 * AA patarei (ei kuulu komplekti) Kaugkaugus: 100 meetrit + Ajami mootor: harjadeta mootor Standardaku [&hellip;]<\/p>","protected":false},"featured_media":18652,"template":"","meta":[],"product_brand":[],"product_cat":[166],"product_tag":[],"class_list":{"0":"post-18651","1":"product","2":"type-product","3":"status-publish","4":"has-post-thumbnail","6":"product_cat-4x4","8":"first","9":"instock","10":"taxable","11":"shipping-taxable","12":"purchasable","13":"product-type-variable","14":"wvs-archive-product-wrapper"},"_links":{"self":[{"href":"https:\/\/www.elektrikas.ee\/lv\/wp-json\/wp\/v2\/product\/18651","targetHints":{"allow":["GET"]}}],"collection":[{"href":"https:\/\/www.elektrikas.ee\/lv\/wp-json\/wp\/v2\/product"}],"about":[{"href":"https:\/\/www.elektrikas.ee\/lv\/wp-json\/wp\/v2\/types\/product"}],"wp:featuredmedia":[{"embeddable":true,"href":"https:\/\/www.elektrikas.ee\/lv\/wp-json\/wp\/v2\/media\/18652"}],"wp:attachment":[{"href":"https:\/\/www.elektrikas.ee\/lv\/wp-json\/wp\/v2\/media?parent=18651"}],"wp:term":[{"taxonomy":"product_brand","embeddable":true,"href":"https:\/\/www.elektrikas.ee\/lv\/wp-json\/wp\/v2\/product_brand?post=18651"},{"taxonomy":"product_cat","embeddable":true,"href":"https:\/\/www.elektrikas.ee\/lv\/wp-json\/wp\/v2\/product_cat?post=18651"},{"taxonomy":"product_tag","embeddable":true,"href":"https:\/\/www.elektrikas.ee\/lv\/wp-json\/wp\/v2\/product_tag?post=18651"}],"curies":[{"name":"wp","href":"https:\/\/api.w.org\/{rel}","templated":true}]}}