{"id":18636,"date":"2025-06-11T16:25:26","date_gmt":"2025-06-11T13:25:26","guid":{"rendered":"https:\/\/elektrikas.ee\/p\/maaratlemata\/wltoys-wl916-916-rc-racing-boat-55km-h-brushless-high-speed-2-4ghz-remote-control-speedboat-boatstoy-toys-for-boys-kids-gift\/"},"modified":"2025-10-28T23:39:27","modified_gmt":"2025-10-28T21:39:27","slug":"wltoys-wl916-rc-boat","status":"publish","type":"product","link":"https:\/\/www.elektrikas.ee\/lv\/p\/rc\/4x4\/wltoys-wl916-rc-boat\/","title":{"rendered":"WLtoys WL916 55KM\/H 55KM\/H bezass RC \u0101trumlaivs"},"content":{"rendered":"<p style=\"margin-left: 25px;\">Modelis: WL 916<br \/>\nZ\u012bmola nosaukums: WLtoys<br \/>\nIzstr\u0101d\u0101juma izm\u0113rs (CM): 46,7*14*13<br \/>\nIepakojuma izm\u0113rs (CM): 51,8*14,2*22<br \/>\nIzstr\u0101d\u0101juma svars: 0,539 kg<br \/>\nIepakojuma svars: 1,55 kg<br \/>\nMaksim\u0101lais \u0101trums: 55 km\/h<br \/>\nLidojuma laiks: 5 min\u016btes<br \/>\nUzl\u0101des laiks: 210 min\u016btes<br \/>\nT\u0101lvad\u012bbas pults: 2,4 GHz t\u0101lvad\u012bbas panelis<br \/>\nT\u0101lvad\u012bbas pults baterija: 4*AA baterijas (nav iek\u013cautas komplekt\u0101).<br \/>\nAtt\u0101lums: 150 metri +<br \/>\nPiedzi\u0146as motors: 2216 bezsuku \u0101r\u0113j\u0101s rot\u0101cijas motors<br \/>\nStandarta inform\u0101cija par akumulatoru: 11,1 V 2200 mAh 45C<\/p>","protected":false},"excerpt":{"rendered":"<p>Mudel: WL 916 Kaubam\u00e4rk: WLtoys Toote suurus (CM): 46,7*14*13 Pakendi suurus (CM): 51,8*14,2*22 Toote kaal: 0,539 kg Pakendi kaal: 1,55 kg Maksimaalne kiirus: 55 km\/h Lennuaeg: 5 minutit Laadimisaeg: 210 minutit Kaugjuhtimispult: 2,4 GHz kaugjuhtimispult Kaugjuhtimispuldi patarei: 4 * AA patarei (ei kuulu komplekti) Kaugkaugus: 150 meetrit + Ajami mootor: 2216 harjadeta v\u00e4line p\u00f6\u00f6rlemismootor Standardse [&hellip;]<\/p>","protected":false},"featured_media":18637,"template":"","meta":[],"product_brand":[],"product_cat":[166],"product_tag":[],"class_list":{"0":"post-18636","1":"product","2":"type-product","3":"status-publish","4":"has-post-thumbnail","6":"product_cat-4x4","8":"first","9":"instock","10":"taxable","11":"shipping-taxable","12":"purchasable","13":"product-type-variable","14":"wvs-archive-product-wrapper"},"_links":{"self":[{"href":"https:\/\/www.elektrikas.ee\/lv\/wp-json\/wp\/v2\/product\/18636","targetHints":{"allow":["GET"]}}],"collection":[{"href":"https:\/\/www.elektrikas.ee\/lv\/wp-json\/wp\/v2\/product"}],"about":[{"href":"https:\/\/www.elektrikas.ee\/lv\/wp-json\/wp\/v2\/types\/product"}],"wp:featuredmedia":[{"embeddable":true,"href":"https:\/\/www.elektrikas.ee\/lv\/wp-json\/wp\/v2\/media\/18637"}],"wp:attachment":[{"href":"https:\/\/www.elektrikas.ee\/lv\/wp-json\/wp\/v2\/media?parent=18636"}],"wp:term":[{"taxonomy":"product_brand","embeddable":true,"href":"https:\/\/www.elektrikas.ee\/lv\/wp-json\/wp\/v2\/product_brand?post=18636"},{"taxonomy":"product_cat","embeddable":true,"href":"https:\/\/www.elektrikas.ee\/lv\/wp-json\/wp\/v2\/product_cat?post=18636"},{"taxonomy":"product_tag","embeddable":true,"href":"https:\/\/www.elektrikas.ee\/lv\/wp-json\/wp\/v2\/product_tag?post=18636"}],"curies":[{"name":"wp","href":"https:\/\/api.w.org\/{rel}","templated":true}]}}