{"id":18090,"date":"2025-10-29T19:05:30","date_gmt":"2025-10-29T17:05:30","guid":{"rendered":"https:\/\/elektrikas.ee\/toode\/childrens-electric-motorbike-evercross-tech-ev12m-pro-300w-25-km-h-15-km-battery-life-bluetooth-led-12-tires\/"},"modified":"2025-10-29T19:07:58","modified_gmt":"2025-10-29T17:07:58","slug":"evercross-ev12m-pro","status":"publish","type":"product","link":"https:\/\/www.elektrikas.ee\/lv\/p\/mootorrattad\/laste-m\/evercross-ev12m-pro\/","title":{"rendered":"Evercross EV12M PRO 300W 36V 4Ah 10-30km 12\u2033 elektriskais motocikls"},"content":{"rendered":"<div class=\"product-specs-list-container\">\n<ul class=\"product-specs-list util-clearfix\">\n<li class=\"product-prop line-limit-length\"><span class=\"property-title\">Mode\u013ca numurs: <\/span><span class=\"property-desc line-limit-length\">EV12M PRO<\/span><\/li>\n<li class=\"product-prop line-limit-length\"><span class=\"property-title\">Maksim\u0101lais \u0101trums: <\/span><span class=\"property-desc line-limit-length\">&lt;25km\/h<\/span><\/li>\n<li class=\"product-prop line-limit-length\"><span class=\"property-title\">Att\u0101lums ar vienu uzl\u0101di: <\/span><span class=\"property-desc line-limit-length\">10 - 30 km<\/span><\/li>\n<li class=\"product-prop line-limit-length\"><span class=\"property-title\">Jauda: <\/span><span class=\"property-desc line-limit-length\">251 - 350w<\/span><\/li>\n<li>Kravnes\u012bba: 65 kg<\/li>\n<li class=\"product-prop line-limit-length\"><span class=\"property-title\">Baro\u0161anas avots: <\/span><span class=\"property-desc line-limit-length\">litija akumulators<\/span><\/li>\n<li class=\"product-prop line-limit-length\"><span class=\"property-title\">Z\u012bmols: <\/span><span class=\"property-desc line-limit-length\">EVERCROSS TECH<\/span><\/li>\n<li class=\"product-prop line-limit-length\"><span class=\"property-title\">Ener\u0123ijas ra\u017eo\u0161ana: <\/span><span class=\"property-desc line-limit-length\">litija akumulators<\/span><\/li>\n<\/ul>\n<\/div>\n<div class=\"detailmodule_html\"><\/div>","protected":false},"excerpt":{"rendered":"<p>Mudeli number: EV12M PRO Maksimaalne kiirus: &lt;25km\/h Kaugus \u00fche laadimisega: 10 &#8211; 30 km V\u00f5imsus: 251 &#8211; 350w Kandev\u00f5ime: 65 kg Toiteallikas: liitiumaku Br\u00e4ndi nimi: EVERCROSS TECH Energiatootmine: liitiumaku<\/p>","protected":false},"featured_media":18091,"template":"","meta":[],"product_brand":[],"product_cat":[71],"product_tag":[],"class_list":{"0":"post-18090","1":"product","2":"type-product","3":"status-publish","4":"has-post-thumbnail","6":"product_cat-laste-m","8":"first","9":"instock","10":"taxable","11":"shipping-taxable","12":"purchasable","13":"product-type-variable","14":"wvs-archive-product-wrapper"},"_links":{"self":[{"href":"https:\/\/www.elektrikas.ee\/lv\/wp-json\/wp\/v2\/product\/18090","targetHints":{"allow":["GET"]}}],"collection":[{"href":"https:\/\/www.elektrikas.ee\/lv\/wp-json\/wp\/v2\/product"}],"about":[{"href":"https:\/\/www.elektrikas.ee\/lv\/wp-json\/wp\/v2\/types\/product"}],"wp:featuredmedia":[{"embeddable":true,"href":"https:\/\/www.elektrikas.ee\/lv\/wp-json\/wp\/v2\/media\/18091"}],"wp:attachment":[{"href":"https:\/\/www.elektrikas.ee\/lv\/wp-json\/wp\/v2\/media?parent=18090"}],"wp:term":[{"taxonomy":"product_brand","embeddable":true,"href":"https:\/\/www.elektrikas.ee\/lv\/wp-json\/wp\/v2\/product_brand?post=18090"},{"taxonomy":"product_cat","embeddable":true,"href":"https:\/\/www.elektrikas.ee\/lv\/wp-json\/wp\/v2\/product_cat?post=18090"},{"taxonomy":"product_tag","embeddable":true,"href":"https:\/\/www.elektrikas.ee\/lv\/wp-json\/wp\/v2\/product_tag?post=18090"}],"curies":[{"name":"wp","href":"https:\/\/api.w.org\/{rel}","templated":true}]}}