{"id":18071,"date":"2025-10-29T19:05:30","date_gmt":"2025-10-29T17:05:30","guid":{"rendered":"https:\/\/elektrikas.ee\/toode\/evercross-tech-ev13m-childrens-electric-motorbike-150w-2-speeds-8-16-km-h-12-km-autonomy-12-off-road-tires-for\/"},"modified":"2025-10-29T19:06:54","modified_gmt":"2025-10-29T17:06:54","slug":"evercross-ev13m","status":"publish","type":"product","link":"https:\/\/www.elektrikas.ee\/lv\/p\/mootorrattad\/laste-m\/evercross-ev13m\/","title":{"rendered":"Evercross EV13M 150W 14V 5.2Ah 16km\/h 12km 12\u2033 elektriskais motocikls"},"content":{"rendered":"<div class=\"product-specs-list-container\">\n<ul class=\"product-specs-list util-clearfix\">\n<li class=\"product-prop line-limit-length\"><span class=\"property-title\">Mode\u013ca numurs:\u00a0<\/span><span class=\"property-desc line-limit-length\">EV13M<\/span><\/li>\n<li class=\"product-prop line-limit-length\"><span class=\"property-title\">Nomin\u0101l\u0101 pasa\u017eieru ietilp\u012bba:\u00a0<\/span><span class=\"property-desc line-limit-length\">Viena vieta<\/span><\/li>\n<li class=\"product-prop line-limit-length\"><span class=\"property-title\">Stils:\u00a0<\/span><span class=\"property-desc line-limit-length\">Standarta tips<\/span><\/li>\n<li class=\"product-prop line-limit-length\"><span class=\"property-title\">Maksim\u0101lais \u0101trums:\u00a0<\/span><span class=\"property-desc line-limit-length\">&lt;25 km\/h<\/span><\/li>\n<li class=\"product-prop line-limit-length\"><span class=\"property-title\">Ulatus:\u00a0<\/span><span class=\"property-desc line-limit-length\">10 - 30 km<\/span><\/li>\n<li class=\"product-prop line-limit-length\"><span class=\"property-title\">Jauda:\u00a0<\/span><span class=\"property-desc line-limit-length\">&lt; 200W<\/span><\/li>\n<li class=\"product-prop line-limit-length\"><span class=\"property-title\">Baro\u0161anas avots:\u00a0<\/span><span class=\"property-desc line-limit-length\">litija akumulators<\/span><\/li>\n<li class=\"product-prop line-limit-length\"><span class=\"property-title\">Pinge:\u00a0<\/span><span class=\"property-desc line-limit-length\">14<\/span><\/li>\n<li class=\"product-prop line-limit-length\"><span class=\"property-title\">Z\u012bmols:\u00a0<\/span><span class=\"property-desc line-limit-length\">EVERCROSS TECH<\/span><\/li>\n<li class=\"product-prop line-limit-length\"><span class=\"property-title\">Baro\u0161anas avota tips:\u00a0<\/span><span class=\"property-desc line-limit-length\">litija akumulators<\/span><\/li>\n<li class=\"product-prop line-limit-length\"><span class=\"property-title\">Dzin\u0113js:\u00a0<\/span><span class=\"property-desc line-limit-length\">Bez sukas<\/span><\/li>\n<li class=\"product-prop line-limit-length\"><span class=\"property-title\">Salok\u0101ms:\u00a0<\/span><span class=\"property-desc line-limit-length\">N\u0113<\/span><\/li>\n<li class=\"product-prop line-limit-length\"><span class=\"property-title\">Rite\u0146u izm\u0113rs:\u00a0<\/span><span class=\"property-desc line-limit-length\">12\u201d<\/span><\/li>\n<li class=\"product-prop line-limit-length\"><span class=\"property-title\">R\u0101mja materi\u0101ls:\u00a0<\/span><span class=\"property-desc line-limit-length\">Alum\u012bnija sakaus\u0113jums<\/span><\/li>\n<\/ul>\n<\/div>\n<div class=\"detailmodule_html\">\n<div class=\"detail-desc-decorate-richtext\">\n<p style=\"font-family: DeepSeek-CJK-patch, Inter, system-ui, -apple-system, BlinkMacSystemFont, 'Segoe UI', Roboto, 'Noto Sans', Ubuntu, Cantarell, 'Helvetica Neue', Oxygen, 'Open Sans', sans-serif; font-size: 16.002px; font-weight: 400; letter-spacing: normal; line-height: var(--ds-md-line-height); text-align: start; color: #404040; margin: calc(var(--ds-md-zoom)*12px)0;\" align=\"start\"><strong>150 W jaud\u012bgs motors un \u0137\u0113des piedzi\u0146a<\/strong><\/p>\n<p style=\"font-family: DeepSeek-CJK-patch, Inter, system-ui, -apple-system, BlinkMacSystemFont, 'Segoe UI', Roboto, 'Noto Sans', Ubuntu, Cantarell, 'Helvetica Neue', Oxygen, 'Open Sans', sans-serif; font-size: 16.002px; font-weight: 400; letter-spacing: normal; line-height: var(--ds-md-line-height); text-align: start; color: #404040; margin: calc(var(--ds-md-zoom)*12px)0;\" align=\"start\">Atkl\u0101jiet m\u016bsu iztur\u012bgo 150 W motoru, kas nodro\u0161ina vienm\u0113r\u012bgu un uzticamu darb\u012bbu, apvienojum\u0101 ar \u0137\u0113des piedzi\u0146as sist\u0113mu optim\u0101lai dro\u0161\u012bbai. J\u016bsu b\u0113rns g\u016bs labumu no atsauc\u012bgas un kontrol\u0113tas brauk\u0161anas pat pie liela \u0101truma.<\/p>\n<p style=\"font-family: DeepSeek-CJK-patch, Inter, system-ui, -apple-system, BlinkMacSystemFont, 'Segoe UI', Roboto, 'Noto Sans', Ubuntu, Cantarell, 'Helvetica Neue', Oxygen, 'Open Sans', sans-serif; font-size: 16.002px; font-weight: 400; letter-spacing: normal; line-height: var(--ds-md-line-height); text-align: start; color: #404040; margin: calc(var(--ds-md-zoom)*12px)0;\" align=\"start\"><strong>2 regul\u0113jami \u0101truma re\u017e\u012bmi<\/strong><br \/>\nDivi regul\u0113jami \u0101truma re\u017e\u012bmi (8 km\/h un 16 km\/h) \u013cauj jaunajiem pilotiem att\u012bst\u012bties sav\u0101 temp\u0101. Ide\u0101la piestiprin\u0101\u0161anas progresija dro\u0161ai un aizraujo\u0161ai brauk\u0161anas pieredzei.<\/p>\n<p style=\"font-family: DeepSeek-CJK-patch, Inter, system-ui, -apple-system, BlinkMacSystemFont, 'Segoe UI', Roboto, 'Noto Sans', Ubuntu, Cantarell, 'Helvetica Neue', Oxygen, 'Open Sans', sans-serif; font-size: 16.002px; font-weight: 400; letter-spacing: normal; line-height: var(--ds-md-line-height); text-align: start; color: #404040; margin: calc(var(--ds-md-zoom)*12px)0;\" align=\"start\"><strong>Ilgtermi\u0146a autonomija<\/strong><br \/>\nEV13M ir apr\u012bkots ar lieljaudas 14,4 V\/5,2Ah (74,88Wh) akumulatoru, kas nodro\u0161ina l\u012bdz pat 12 km nobraukumu. Vair\u0101k sp\u0113\u013cu, maz\u0101k p\u0101rtraukumu j\u016bsu mazajiem piedz\u012bvojumu mekl\u0113t\u0101jiem!<\/p>\n<p style=\"font-family: DeepSeek-CJK-patch, Inter, system-ui, -apple-system, BlinkMacSystemFont, 'Segoe UI', Roboto, 'Noto Sans', Ubuntu, Cantarell, 'Helvetica Neue', Oxygen, 'Open Sans', sans-serif; font-size: 16.002px; font-weight: 400; letter-spacing: normal; line-height: var(--ds-md-line-height); text-align: start; color: #404040; margin: calc(var(--ds-md-zoom)*12px)0;\" align=\"start\"><strong>Ide\u0101ls izm\u0113rs 3-12 gadus veciem b\u0113rniem<\/strong><br \/>\n\u012apa\u0161i izstr\u0101d\u0101ts b\u0113rniem: kompakts izm\u0113rs (92,5 \u00d7 54 \u00d7 64,5 cm) un neliels svars (11,5 kg). Iztur l\u012bdz 40 kg, ide\u0101li piem\u0113rots 3-12 gadus veciem b\u0113rniem.<\/p>\n<p style=\"font-family: DeepSeek-CJK-patch, Inter, system-ui, -apple-system, BlinkMacSystemFont, 'Segoe UI', Roboto, 'Noto Sans', Ubuntu, Cantarell, 'Helvetica Neue', Oxygen, 'Open Sans', sans-serif; font-size: 16.002px; font-weight: 400; letter-spacing: normal; line-height: var(--ds-md-line-height); text-align: start; color: #404040; margin: calc(var(--ds-md-zoom)*12px)0;\" align=\"start\"><strong>12\u201c ainavu riepas<\/strong><br \/>\nAr iztur\u012bgaj\u0101m 12 collu riep\u0101m \u0161is transportl\u012bdzeklis var p\u0101rvar\u0113t da\u017e\u0101dus apvidus: z\u0101lienu, bru\u0123i vai vieglus ce\u013cus. Ide\u0101ls sabiedrotais stabilam un pat\u012bkamam piedz\u012bvojumam br\u012bv\u0101 dab\u0101.<\/p>\n<\/div>\n<\/div>","protected":false},"excerpt":{"rendered":"<p>Mudeli number:\u00a0EV13M Nominaalne reisijate mahutavus:\u00a0\u00dcks iste Stiil:\u00a0Standardsed\u00fc\u00fcp Maksimaalne kiirus:\u00a0&lt;25 km\/h Ulatus:\u00a010 &#8211; 30 km V\u00f5imsus:\u00a0&lt; 200W Toiteallikas:\u00a0liitiumaku Pinge:\u00a014 Kaubam\u00e4rk:\u00a0EVERCROSS TECH Toiteallika t\u00fc\u00fcp:\u00a0liitiumaku Mootor:\u00a0Harjadeta Kokkupandav:\u00a0Ei Ratta suurus:\u00a012\u201d Raami materjal:\u00a0Alumiiniumisulamist 150W v\u00f5imas mootor ja kettajamid Avastage meie vastupidav 150W mootor, mis pakub sujuvat ja usaldusv\u00e4\u00e4rset j\u00f5udlust, koos kettajamite s\u00fcsteemiga optimaalseks turvalisuseks. Teie laps kasu saab reageerimisv\u00f5imelisest ja [&hellip;]<\/p>","protected":false},"featured_media":18072,"template":"","meta":[],"product_brand":[],"product_cat":[71],"product_tag":[],"class_list":{"0":"post-18071","1":"product","2":"type-product","3":"status-publish","4":"has-post-thumbnail","6":"product_cat-laste-m","8":"first","9":"instock","10":"taxable","11":"shipping-taxable","12":"purchasable","13":"product-type-variable","14":"wvs-archive-product-wrapper"},"_links":{"self":[{"href":"https:\/\/www.elektrikas.ee\/lv\/wp-json\/wp\/v2\/product\/18071","targetHints":{"allow":["GET"]}}],"collection":[{"href":"https:\/\/www.elektrikas.ee\/lv\/wp-json\/wp\/v2\/product"}],"about":[{"href":"https:\/\/www.elektrikas.ee\/lv\/wp-json\/wp\/v2\/types\/product"}],"wp:featuredmedia":[{"embeddable":true,"href":"https:\/\/www.elektrikas.ee\/lv\/wp-json\/wp\/v2\/media\/18072"}],"wp:attachment":[{"href":"https:\/\/www.elektrikas.ee\/lv\/wp-json\/wp\/v2\/media?parent=18071"}],"wp:term":[{"taxonomy":"product_brand","embeddable":true,"href":"https:\/\/www.elektrikas.ee\/lv\/wp-json\/wp\/v2\/product_brand?post=18071"},{"taxonomy":"product_cat","embeddable":true,"href":"https:\/\/www.elektrikas.ee\/lv\/wp-json\/wp\/v2\/product_cat?post=18071"},{"taxonomy":"product_tag","embeddable":true,"href":"https:\/\/www.elektrikas.ee\/lv\/wp-json\/wp\/v2\/product_tag?post=18071"}],"curies":[{"name":"wp","href":"https:\/\/api.w.org\/{rel}","templated":true}]}}