{"id":19087,"date":"2025-09-11T20:59:23","date_gmt":"2025-09-11T17:59:23","guid":{"rendered":"https:\/\/elektrikas.ee\/?page_id=19087"},"modified":"2025-09-11T20:59:42","modified_gmt":"2025-09-11T17:59:42","slug":"laste-sunnipaeva-seiklus","status":"publish","type":"page","link":"https:\/\/www.elektrikas.ee\/lv\/laste-sunnipaeva-seiklus\/","title":{"rendered":"B\u0113rnu dzim\u0161anas dienas piedz\u012bvojums"},"content":{"rendered":"<div data-elementor-type=\"wp-page\" data-elementor-id=\"19087\" class=\"elementor elementor-19087\" data-elementor-post-type=\"page\">\n\t\t\t\t\t\t<section class=\"elementor-section elementor-top-section elementor-element elementor-element-dc34983 elementor-section-boxed elementor-section-height-default elementor-section-height-default\" data-id=\"dc34983\" data-element_type=\"section\">\n\t\t\t\t\t\t<div class=\"elementor-container elementor-column-gap-default\">\n\t\t\t\t\t<div class=\"elementor-column elementor-col-100 elementor-top-column elementor-element elementor-element-2c2f320\" data-id=\"2c2f320\" data-element_type=\"column\">\n\t\t\t<div class=\"elementor-widget-wrap elementor-element-populated\">\n\t\t\t\t\t\t<div class=\"elementor-element elementor-element-6820661 elementor-widget elementor-widget-text-editor\" data-id=\"6820661\" data-element_type=\"widget\" data-widget_type=\"text-editor.default\">\n\t\t\t\t<div class=\"elementor-widget-container\">\n\t\t\t\t\t\t\t\t\t<p class=\"ng-star-inserted\"><span class=\"ng-star-inserted\">Vai mekl\u0113jat kaut ko patiesi unik\u0101lu un neaizmirstamu sava b\u0113rna dzim\u0161anas dienas svin\u012bb\u0101m vai citam pas\u0101kumam? M\u0113s pied\u0101v\u0101jam \"Battle of the Bots\" - Igaunij\u0101 pirmo \"Lego Battlebots\" pieredzi, kas robotikas un konstru\u0113\u0161anas m\u0101kslas aizraut\u012bbu atnes tie\u0161i uz j\u016bsu ball\u012bti! Tas ir adrenal\u012bna pilns piedz\u012bvojums, kur\u0101 Lego roboti, kas apr\u012bkoti ar jaud\u012bgiem Technic motoriem, c\u012bn\u0101s \u012bpa\u0161i uzb\u016bv\u0113t\u0101 ar\u0113n\u0101. Aizmirstiet par parast\u0101m ball\u012bt\u0113m - sar\u012bkojiet savam b\u0113rnam un vi\u0146a draugiem strat\u0113\u0123iju, konstru\u0113\u0161anas un aizraujo\u0161u c\u012b\u0146u pilnu dienu!<\/span><\/p><h2 class=\"ng-star-inserted\"><span class=\"ng-star-inserted\">Kluba c\u012b\u0146a - kas tas ir?<\/span><\/h2><p class=\"ng-star-inserted\"><span class=\"ng-star-inserted\">Blockbusting ir unik\u0101la un interakt\u012bva izklaides forma, kas apvieno b\u0113rnu iecien\u012bt\u0101ko - lego un aizraujo\u0161as robotu c\u012b\u0146as. Iedvesmojoties no slavenajiem Battlebots, bet piel\u0101gota b\u0113rniem un piln\u012bb\u0101 veidota no Lego Technic kluc\u012b\u0161iem. Katram robotam ir jaud\u012bgi motori un b\u012bstami iero\u010di, ar kuriem var mesties kauj\u0101. B\u0113rni var izv\u0113l\u0113ties vienu no se\u0161iem da\u017e\u0101diem robotiem, katram no tiem ir savas unik\u0101las \u012bpa\u0161\u012bbas un iero\u010di. C\u012b\u0146as notiek dro\u0161\u0101 1,5 x 1,5 m liel\u0101 ar\u0113n\u0101, kur katrs manevrs un uzbrukums ir iz\u0161\u0137iro\u0161s!<\/span><\/p><h2 class=\"ng-star-inserted\"><span class=\"ng-star-inserted\">K\u0101p\u0113c izv\u0113l\u0113ties Klotsilahing savu dzim\u0161anas dienu vai pas\u0101kumu?<\/span><\/h2><p class=\"ng-star-inserted\"><span class=\"ng-star-inserted\">Kluba sp\u0113le ir lieliska izv\u0113le, ja v\u0113laties b\u0113rniem pied\u0101v\u0101t vair\u0101k nek\u0101 tikai sp\u0113li:<\/span><\/p><ul class=\"ng-star-inserted\"><li class=\"ng-star-inserted\"><p class=\"ng-star-inserted\"><strong class=\"ng-star-inserted\"><span class=\"ng-star-inserted\">Adrenal\u012bns un uztraukums:<\/span><\/strong><span class=\"ng-star-inserted\">\u00a0\u0100tri manevri, sp\u0113c\u012bgi iero\u010di un negaid\u012bti pagriezieni un pav\u0113rsieni visu laiku liek b\u0113rniem b\u016bt uzman\u012bgiem.<\/span><\/p><\/li><li class=\"ng-star-inserted\"><p class=\"ng-star-inserted\"><strong class=\"ng-star-inserted\"><span class=\"ng-star-inserted\">Izstr\u0101des darb\u012bbas:<\/span><\/strong><span class=\"ng-star-inserted\">\u00a0Lai gan t\u0101 ir izklaide, t\u0101 att\u012bsta ar\u012b strat\u0113\u0123isko dom\u0101\u0161anu, rado\u0161umu un probl\u0113mu risin\u0101\u0161anas prasmes. B\u0113rni var iesaist\u012bties robotikas pasaul\u0113 rota\u013c\u012bg\u0101 veid\u0101.<\/span><\/p><\/li><li class=\"ng-star-inserted\"><p class=\"ng-star-inserted\"><strong class=\"ng-star-inserted\"><span class=\"ng-star-inserted\">Unik\u0101la pieredze:<\/span><\/strong><span class=\"ng-star-inserted\">\u00a0\u0160\u012b Igaunij\u0101 unik\u0101l\u0101 Lego robotu kaujas koncepcija at\u0161\u0137iras no citiem dzim\u0161anas dienas pas\u0101kumiem.<\/span><\/p><\/li><li class=\"ng-star-inserted\"><p class=\"ng-star-inserted\"><strong class=\"ng-star-inserted\"><span class=\"ng-star-inserted\">Piem\u0113rots daudziem pas\u0101kumiem:<\/span><\/strong><span class=\"ng-star-inserted\">\u00a0Papildus dzim\u0161anas dienas ball\u012bt\u0113m Clogs Battle ir lieliski piem\u0113rots ar\u012b skolas pas\u0101kumiem, nometn\u0113m, \u0123imenes dien\u0101m, festiv\u0101liem vai vienk\u0101r\u0161i k\u0101 jautra aktivit\u0101te draugu komp\u0101nijai.<\/span><\/p><\/li><\/ul><h2 class=\"ng-star-inserted\"><span class=\"ng-star-inserted\">K\u0101 notiek Klubu kauja?<\/span><\/h2><p class=\"ng-star-inserted\"><span class=\"ng-star-inserted\">M\u016bsu instruktors atved\u012bs visu nepiecie\u0161amo apr\u012bkojumu - ar\u0113nas, robotus un vad\u012bbas pane\u013cus - tie\u0161i uz j\u016bsu izv\u0113l\u0113to norises vietu. Pirms c\u012b\u0146u s\u0101kuma b\u0113rni var iepaz\u012bties ar robotiem, iem\u0101c\u012bties, k\u0101 tos vad\u012bt, un izstr\u0101d\u0101t kaujas strat\u0113\u0123ijas. P\u0113c tam notiks aizraujo\u0161i due\u013ci un turn\u012bri, lai noskaidrotu, kur\u0161 ir lab\u0101kais robotu vad\u012bt\u0101js! M\u016bsu vad\u012bt\u0101js nodro\u0161in\u0101s, lai viss pas\u0101kums norit\u0113tu raiti un dro\u0161i, vienlaikus akt\u012bvi vadot un izklaid\u0113jot b\u0113rnus. Viss b\u016bs uz vietas, lai j\u016bsu b\u0113rns un vi\u0146a draugi var\u0113tu izbaud\u012bt pilnv\u0113rt\u012bgu un bezr\u016bp\u012bgu kaujas pieredzi.<\/span><\/p><h2 class=\"ng-star-inserted\"><span class=\"ng-star-inserted\">\u0112rti un elast\u012bgi pakalpojumi Tartu un t\u0101s apk\u0101rtn\u0113<\/span><\/h2><p class=\"ng-star-inserted\"><span class=\"ng-star-inserted\">M\u0113s pied\u0101v\u0101jam Blokm\u016bzikas kauju nomas pakalpojumus, kas ir ide\u0101ls risin\u0101jums j\u016bsu pas\u0101kumam. Cena ir\u00a0<\/span><strong class=\"ng-star-inserted\"><span class=\"ng-star-inserted\">70 \u20ac stund\u0101<\/span><\/strong><span class=\"ng-star-inserted\">, kas ietver visu apr\u012bkojumu un nor\u0101d\u012bjumus. Transporta izmaksas tiks pieskait\u012btas\u00a0<\/span><strong class=\"ng-star-inserted\"><span class=\"ng-star-inserted\">0,6 EUR par kilometru no Tartu pils\u0113tas robe\u017eas.<\/span><\/strong><span class=\"ng-star-inserted\">. M\u0113s esam gatavi ierasties j\u016bsu izv\u0113l\u0113taj\u0101 viet\u0101 - j\u016bsu m\u0101j\u0101s, \u012br\u0113t\u0101 viet\u0101 vai jebkur\u0101 cit\u0101 piem\u0113rot\u0101 viet\u0101. Rezerv\u0113jiet savu Klotsilahingu jau \u0161odien un d\u0101v\u0101jiet savam b\u0113rnam neaizmirstamas atmi\u0146as un adrenal\u012bnu!<\/span><\/p><p class=\"ng-star-inserted\"><strong class=\"ng-star-inserted\"><span class=\"ng-star-inserted\">Sazinieties ar mums, lai apspriestu sava pas\u0101kuma deta\u013cas un rezerv\u0113tu Klotsilahing pieredzi!<\/span><\/strong><\/p>\t\t\t\t\t\t\t\t<\/div>\n\t\t\t\t<\/div>\n\t\t\t\t\t<\/div>\n\t\t<\/div>\n\t\t\t\t\t<\/div>\n\t\t<\/section>\n\t\t\t\t<\/div>","protected":false},"excerpt":{"rendered":"<p>Kas otsid oma lapse s\u00fcnnip\u00e4evapeole v\u00f5i muule \u00fcritusele midagi t\u00f5eliselt ainulaadset ja meeldej\u00e4\u00e4vat? Pakume Klotsilahingut \u2013 Eesti esimese Lego Battlebots\u2019i elamust, mis toob robootika ja ehituskunsti p\u00f5nevuse otse teie peole! See on adrenaliinirohke kogemus, kus v\u00f5imsate Technic mootoritega varustatud Lego robotid astuvad lahingusse spetsiaalselt ehitatud areenil. Unusta tavalised peod \u2013 korralda oma lapsele ja tema [&hellip;]<\/p>","protected":false},"author":4,"featured_media":0,"parent":0,"menu_order":0,"comment_status":"closed","ping_status":"closed","template":"","meta":{"footnotes":""},"categories":[],"tags":[],"class_list":["post-19087","page","type-page","status-publish","hentry"],"_links":{"self":[{"href":"https:\/\/www.elektrikas.ee\/lv\/wp-json\/wp\/v2\/pages\/19087","targetHints":{"allow":["GET"]}}],"collection":[{"href":"https:\/\/www.elektrikas.ee\/lv\/wp-json\/wp\/v2\/pages"}],"about":[{"href":"https:\/\/www.elektrikas.ee\/lv\/wp-json\/wp\/v2\/types\/page"}],"author":[{"embeddable":true,"href":"https:\/\/www.elektrikas.ee\/lv\/wp-json\/wp\/v2\/users\/4"}],"replies":[{"embeddable":true,"href":"https:\/\/www.elektrikas.ee\/lv\/wp-json\/wp\/v2\/comments?post=19087"}],"version-history":[{"count":4,"href":"https:\/\/www.elektrikas.ee\/lv\/wp-json\/wp\/v2\/pages\/19087\/revisions"}],"predecessor-version":[{"id":19091,"href":"https:\/\/www.elektrikas.ee\/lv\/wp-json\/wp\/v2\/pages\/19087\/revisions\/19091"}],"wp:attachment":[{"href":"https:\/\/www.elektrikas.ee\/lv\/wp-json\/wp\/v2\/media?parent=19087"}],"wp:term":[{"taxonomy":"category","embeddable":true,"href":"https:\/\/www.elektrikas.ee\/lv\/wp-json\/wp\/v2\/categories?post=19087"},{"taxonomy":"post_tag","embeddable":true,"href":"https:\/\/www.elektrikas.ee\/lv\/wp-json\/wp\/v2\/tags?post=19087"}],"curies":[{"name":"wp","href":"https:\/\/api.w.org\/{rel}","templated":true}]}}