{"id":20430,"date":"2026-03-02T07:50:33","date_gmt":"2026-03-02T05:50:33","guid":{"rendered":"https:\/\/elektrikas.ee\/?post_type=product&#038;p=20430"},"modified":"2026-03-19T20:55:34","modified_gmt":"2026-03-19T18:55:34","slug":"brickfight-kit","status":"publish","type":"product","link":"https:\/\/www.elektrikas.ee\/lt\/p\/klotsid\/komplektid\/brickfight-kit\/","title":{"rendered":"\u201eBrickfight\u201c konstruktoriaus rinkinys 1200 dali\u0173"},"content":{"rendered":"<p>Viskas, ko reikia norint sukonstruoti savo pirm\u0105j\u012f kovos robot\u0105 ir dar daugiau. Rinkinys sukurtas atsi\u017evelgiant \u012f minimalius m\u016b\u0161i\u0173 i\u0161 plyt\u0173 reikalavimus ir in\u017einerijos entuziast\u0173 poreikius, taip pat apima diferencial\u0105, pavaras, servovarikl\u012f ir kt.<\/p>\n<p>Yra 6 spalv\u0173 variantai.<\/p>\n<p>\u0160iuo metu gaminius surenkame rankomis ir ne viskas atkeliauja i\u0161 vienos gamyklos, tod\u0117l gaminio pagaminimas gali u\u017etrukti iki 30 dien\u0173.<\/p>\n<p>Rinkinyje yra varikliai: 2x L variklis, Monster variklis ir servo variklis.<\/p>\n<p>Yra pakankamai dali\u0173 2 robotams, bet jums taip pat reik\u0117s antro varikli\u0173 komplekto, jei norite dviej\u0173 pavaros mechanizm\u0173.<\/p>\n<p>Bendras dali\u0173 svoris 1410 g (\u012fskaitant 4 variklius, nuotolinio valdymo pult\u0105 ir baterij\u0105).<\/p>\n<p>Grynasis produkto svoris 2680 g.<\/p>","protected":false},"excerpt":{"rendered":"<p>K\u00f5ik vajalik oma esimese lahinguroboti ehitamiseks ja rohkemgi. Komplekt on koostatud silmas pidades nii klotsilahingu miinimumvajadust kui ka inseneeriahuviringi vajadusi ning sisaldab ka differentsiaali, hammasrattaid, Servo mootorit jm. Valida on 6 v\u00e4rviv\u00f5imaluse vahel. Hetkel komplekteerime tooted k\u00e4sitsi ja k\u00f5ik ei tule \u00fchest tehasest, seega toote valmistamisega v\u00f5ib minna kuni 30 p\u00e4eva. Sisaldab mootoreid: 2x L [&hellip;]<\/p>","protected":false},"featured_media":20432,"template":"","meta":[],"product_brand":[],"product_cat":[270],"product_tag":[],"class_list":{"0":"post-20430","1":"product","2":"type-product","3":"status-publish","4":"has-post-thumbnail","6":"product_cat-komplektid","8":"first","9":"instock","10":"taxable","11":"shipping-taxable","12":"purchasable","13":"product-type-variable","14":"wvs-archive-product-wrapper"},"_links":{"self":[{"href":"https:\/\/www.elektrikas.ee\/lt\/wp-json\/wp\/v2\/product\/20430","targetHints":{"allow":["GET"]}}],"collection":[{"href":"https:\/\/www.elektrikas.ee\/lt\/wp-json\/wp\/v2\/product"}],"about":[{"href":"https:\/\/www.elektrikas.ee\/lt\/wp-json\/wp\/v2\/types\/product"}],"wp:featuredmedia":[{"embeddable":true,"href":"https:\/\/www.elektrikas.ee\/lt\/wp-json\/wp\/v2\/media\/20432"}],"wp:attachment":[{"href":"https:\/\/www.elektrikas.ee\/lt\/wp-json\/wp\/v2\/media?parent=20430"}],"wp:term":[{"taxonomy":"product_brand","embeddable":true,"href":"https:\/\/www.elektrikas.ee\/lt\/wp-json\/wp\/v2\/product_brand?post=20430"},{"taxonomy":"product_cat","embeddable":true,"href":"https:\/\/www.elektrikas.ee\/lt\/wp-json\/wp\/v2\/product_cat?post=20430"},{"taxonomy":"product_tag","embeddable":true,"href":"https:\/\/www.elektrikas.ee\/lt\/wp-json\/wp\/v2\/product_tag?post=20430"}],"curies":[{"name":"wp","href":"https:\/\/api.w.org\/{rel}","templated":true}]}}