{"id":20193,"date":"2026-01-10T16:52:24","date_gmt":"2026-01-10T14:52:24","guid":{"rendered":"https:\/\/elektrikas.ee\/p\/maaratlemata\/2477-technic-3x5l-vertical-holes-liftarm\/"},"modified":"2026-01-10T16:53:07","modified_gmt":"2026-01-10T14:53:07","slug":"2477-technic-3x5l-vertical-holes-liftarm","status":"publish","type":"product","link":"https:\/\/www.elektrikas.ee\/lt\/p\/klotsid\/raamid\/2477-technic-3x5l-vertical-holes-liftarm\/","title":{"rendered":"2477 \"Technic\", 3x5L vertikali\u0173 skyli\u0173 k\u0117limo svirtis"},"content":{"rendered":"","protected":false},"excerpt":{"rendered":"","protected":false},"featured_media":20194,"template":"","meta":[],"product_brand":[],"product_cat":[272],"product_tag":[],"class_list":{"0":"post-20193","1":"product","2":"type-product","3":"status-publish","4":"has-post-thumbnail","6":"product_cat-raamid","8":"first","9":"instock","10":"taxable","11":"shipping-taxable","12":"purchasable","13":"product-type-simple"},"_links":{"self":[{"href":"https:\/\/www.elektrikas.ee\/lt\/wp-json\/wp\/v2\/product\/20193","targetHints":{"allow":["GET"]}}],"collection":[{"href":"https:\/\/www.elektrikas.ee\/lt\/wp-json\/wp\/v2\/product"}],"about":[{"href":"https:\/\/www.elektrikas.ee\/lt\/wp-json\/wp\/v2\/types\/product"}],"wp:featuredmedia":[{"embeddable":true,"href":"https:\/\/www.elektrikas.ee\/lt\/wp-json\/wp\/v2\/media\/20194"}],"wp:attachment":[{"href":"https:\/\/www.elektrikas.ee\/lt\/wp-json\/wp\/v2\/media?parent=20193"}],"wp:term":[{"taxonomy":"product_brand","embeddable":true,"href":"https:\/\/www.elektrikas.ee\/lt\/wp-json\/wp\/v2\/product_brand?post=20193"},{"taxonomy":"product_cat","embeddable":true,"href":"https:\/\/www.elektrikas.ee\/lt\/wp-json\/wp\/v2\/product_cat?post=20193"},{"taxonomy":"product_tag","embeddable":true,"href":"https:\/\/www.elektrikas.ee\/lt\/wp-json\/wp\/v2\/product_tag?post=20193"}],"curies":[{"name":"wp","href":"https:\/\/api.w.org\/{rel}","templated":true}]}}