{"id":19583,"date":"2025-10-27T22:55:28","date_gmt":"2025-10-27T20:55:28","guid":{"rendered":"https:\/\/elektrikas.ee\/p\/maaratlemata\/4-kanaliga-pult-aku\/"},"modified":"2026-04-19T13:28:27","modified_gmt":"2026-04-19T10:28:27","slug":"4-kanaliga-pult-aku","status":"publish","type":"product","link":"https:\/\/www.elektrikas.ee\/lt\/p\/klotsid\/puldid-ja-akud\/4-kanaliga-pult-aku\/","title":{"rendered":"4 kanal\u0173 nuotolinio valdymo pultas + baterija"},"content":{"rendered":"<div class=\"product-specs-list-container\">\n<p>Tinka \u012fprastiems LEGO automobiliams ir robotams, netinka blok\u0173 kovoms, gerai reguliuojamas arba prisitaikantis greitis. Valdymo svirtys yra tik auk\u0161tyn-\u017eemyn + \u012f kair\u0119-de\u0161in\u0119. Kadangi mygtukai vir\u0161utiniame nuotolinio valdymo pulto kampe neveikia, sunku naudoti ginkl\u0105 blok\u0173 kovoms.  2\/5.<\/p>\n<p>Vienas tr\u016bkumas \u2013 nuotolinio valdymo svirtys kartais \u012fstrigo vairavimo pad\u0117tyje arba \u012fsijungia savaime. Nuotolin\u012f valdym\u0105 reikia \u012fjungti ir i\u0161jungti arba trumpai palieskite.<\/p>\n<p>Veikimo laikas su vienu \u012fkrovimu ~40 min.<\/p>\n<p>Pakuot\u0117je yra:<\/p>\n<ul>\n<li>1 x \u012fkraunamas nuotolinio valdymo pultas<\/li>\n<li>1 x \u012fkraunama baterija<\/li>\n<li>1 x USB \u012fkrovimo kabelis<\/li>\n<\/ul>\n<\/div>","protected":false},"excerpt":{"rendered":"<p>Sobib tavalise LEGO auto ja robootika jaoks, klotsilahingu jaoks mitte, hea reguleeritav ehk adaptiivne kiirus. Juhtimiskangid on ainult \u00fcles-alla + vasak-parem. Kuna puldi \u00fcleval nurgas olevad nupud ei t\u00f6\u00f6ta on klotsilahingu jaoks relva raske kasutada.\u00a0 2\/5. \u00dcks miinus &#8211; puldi juhtimiskangid j\u00e4\u00e4vad m\u00f5nikord s\u00f5iduasendisse kinni v\u00f5i aktiveeruvad ise. Pult tuleb korraks sisse-v\u00e4lja l\u00fclitada v\u00f5i korraks [&hellip;]<\/p>","protected":false},"featured_media":19584,"template":"","meta":[],"product_brand":[],"product_cat":[271],"product_tag":[],"class_list":{"0":"post-19583","1":"product","2":"type-product","3":"status-publish","4":"has-post-thumbnail","6":"product_cat-puldid-ja-akud","8":"first","9":"instock","10":"taxable","11":"shipping-taxable","12":"purchasable","13":"product-type-simple"},"_links":{"self":[{"href":"https:\/\/www.elektrikas.ee\/lt\/wp-json\/wp\/v2\/product\/19583","targetHints":{"allow":["GET"]}}],"collection":[{"href":"https:\/\/www.elektrikas.ee\/lt\/wp-json\/wp\/v2\/product"}],"about":[{"href":"https:\/\/www.elektrikas.ee\/lt\/wp-json\/wp\/v2\/types\/product"}],"wp:featuredmedia":[{"embeddable":true,"href":"https:\/\/www.elektrikas.ee\/lt\/wp-json\/wp\/v2\/media\/19584"}],"wp:attachment":[{"href":"https:\/\/www.elektrikas.ee\/lt\/wp-json\/wp\/v2\/media?parent=19583"}],"wp:term":[{"taxonomy":"product_brand","embeddable":true,"href":"https:\/\/www.elektrikas.ee\/lt\/wp-json\/wp\/v2\/product_brand?post=19583"},{"taxonomy":"product_cat","embeddable":true,"href":"https:\/\/www.elektrikas.ee\/lt\/wp-json\/wp\/v2\/product_cat?post=19583"},{"taxonomy":"product_tag","embeddable":true,"href":"https:\/\/www.elektrikas.ee\/lt\/wp-json\/wp\/v2\/product_tag?post=19583"}],"curies":[{"name":"wp","href":"https:\/\/api.w.org\/{rel}","templated":true}]}}