{"id":19580,"date":"2025-10-27T22:44:55","date_gmt":"2025-10-27T20:44:55","guid":{"rendered":"https:\/\/elektrikas.ee\/p\/maaratlemata\/6-kanaliga-pult-aku\/"},"modified":"2026-03-28T10:12:09","modified_gmt":"2026-03-28T08:12:09","slug":"6-kanaliga-pult-aku","status":"publish","type":"product","link":"https:\/\/www.elektrikas.ee\/lt\/p\/klotsid\/puldid-ja-akud\/6-kanaliga-pult-aku\/","title":{"rendered":"6 kanal\u0173 nuotolinio valdymo pultas + baterija"},"content":{"rendered":"<div class=\"product-specs-list-container\">\n<p>Gera naudoti, reguliuojamas arba prisitaikantis greitis 4\/5.<\/p>\n<p>Vienas tr\u016bkumas - nuotolinio valdymo ranken\u0117l\u0117s kartais retai u\u017esifiksuoja va\u017eiavimo pad\u0117tyje arba pa\u010dios \u012fsijungia. Nuotolinio valdymo pultel\u012f tenka \u012fjungti ir i\u0161jungti arba trumpai paliesti.<\/p>\n<p>Veikimo laikas su vienu \u012fkrovimu ~40 min.<\/p>\n<p>Pakuot\u0117je yra:<\/p>\n<ul>\n<li>1 x \u012fkraunamas nuotolinio valdymo pultas<\/li>\n<li>1 x \u012fkraunama baterija<\/li>\n<li>1 x USB \u012fkrovimo kabelis<\/li>\n<\/ul>\n<\/div>","protected":false},"excerpt":{"rendered":"<p>Hea kasutada, reguleeritav ehk adaptiivne kiirus 4\/5. \u00dcks miinus &#8211; puldi juhtimiskangid j\u00e4\u00e4vad m\u00f5nikord harva s\u00f5iduasendisse kinni v\u00f5i aktiveeruvad ise. Pult tuleb korraks sisse-v\u00e4lja l\u00fclitada v\u00f5i korraks toksata. Kasutusaeg \u00fche laadimisega ~40min. Pakend sisaldab: 1 x laetav kaugjuhtimispult 1 x laetav aku 1 x USB laadimiskaabel<\/p>","protected":false},"featured_media":19581,"template":"","meta":[],"product_brand":[],"product_cat":[271],"product_tag":[],"class_list":{"0":"post-19580","1":"product","2":"type-product","3":"status-publish","4":"has-post-thumbnail","6":"product_cat-puldid-ja-akud","8":"first","9":"instock","10":"featured","11":"taxable","12":"shipping-taxable","13":"purchasable","14":"product-type-simple"},"_links":{"self":[{"href":"https:\/\/www.elektrikas.ee\/lt\/wp-json\/wp\/v2\/product\/19580","targetHints":{"allow":["GET"]}}],"collection":[{"href":"https:\/\/www.elektrikas.ee\/lt\/wp-json\/wp\/v2\/product"}],"about":[{"href":"https:\/\/www.elektrikas.ee\/lt\/wp-json\/wp\/v2\/types\/product"}],"wp:featuredmedia":[{"embeddable":true,"href":"https:\/\/www.elektrikas.ee\/lt\/wp-json\/wp\/v2\/media\/19581"}],"wp:attachment":[{"href":"https:\/\/www.elektrikas.ee\/lt\/wp-json\/wp\/v2\/media?parent=19580"}],"wp:term":[{"taxonomy":"product_brand","embeddable":true,"href":"https:\/\/www.elektrikas.ee\/lt\/wp-json\/wp\/v2\/product_brand?post=19580"},{"taxonomy":"product_cat","embeddable":true,"href":"https:\/\/www.elektrikas.ee\/lt\/wp-json\/wp\/v2\/product_cat?post=19580"},{"taxonomy":"product_tag","embeddable":true,"href":"https:\/\/www.elektrikas.ee\/lt\/wp-json\/wp\/v2\/product_tag?post=19580"}],"curies":[{"name":"wp","href":"https:\/\/api.w.org\/{rel}","templated":true}]}}