{"id":19575,"date":"2025-10-27T22:36:53","date_gmt":"2025-10-27T20:36:53","guid":{"rendered":"https:\/\/elektrikas.ee\/p\/maaratlemata\/6-kanaliga-pult-aku-mould-king-m0019\/"},"modified":"2026-03-24T10:09:10","modified_gmt":"2026-03-24T08:09:10","slug":"6-kanaliga-pult-aku-mould-king-m0019","status":"publish","type":"product","link":"https:\/\/www.elektrikas.ee\/lt\/p\/klotsid\/puldid-ja-akud\/6-kanaliga-pult-aku-mould-king-m0019\/","title":{"rendered":"6 kanal\u0173 nuotolinio valdymo pultas + baterija Mould King M0019"},"content":{"rendered":"<p>Geriausios kokyb\u0117s stalas rinkoje, 5\/5.<\/p>\n<p>Akumuliatoriaus veikimo laikas vienu \u012fkrovimu ~60 min.<\/p>\n<p>Pel\u0117si\u0173 karalius, auk\u0161ta kokyb\u0117<br \/>\nreguliuojamas greitis<br \/>\n\"Bluetooth\" + program\u0117l\u0117<br \/>\nprogramuojamas<\/p>\n<p>Pakuot\u0117je yra:<\/p>\n<ul>\n<li>1 x \u012fkraunamas nuotolinio valdymo pultas<\/li>\n<li>1 x 6,0 \u012fkraunamas akumuliatorius<\/li>\n<li>1 x USB \u012fkrovimo kabelis<\/li>\n<li>Joystick mygtukai<\/li>\n<\/ul>\n<p>Pritaikykite:<\/p>\n<p>\"Apple App Store\":<br \/>\nMK Basic: https:\/\/apps.apple.com\/us\/app\/%E5%AE%87%E6%98%9F%E7%A7%91%E6%8A%80\/id1457417598<br \/>\nMK Plus: https:\/\/apps.apple.com\/us\/app\/%E5%AE%87%E6%98%9F%E7%A7%AF%E6%9C%A8\/id6444075223<\/p>\n<p>\"Google Play\" parduotuv\u0117:<br \/>\nMK Basic: https:\/\/play.google.com\/store\/apps\/details?id=com.yxkj_main.building_block_robot<br \/>\nMK Plus: https:\/\/play.google.com\/store\/apps\/details?id=com.yxkj_main.yu_xing_long_connection<\/p>","protected":false},"excerpt":{"rendered":"<p>K\u00f5ige kvaliteetsem pult turul, 5\/5. Kasutusaeg \u00fche laadimisega ~60min. Mould King, kvaliteetne reguleeritav kiirus Bluetooth + APP programmeeritav Pakend sisaldab: 1 x laetav kaugjuhtimispult 1 x 6.0 laetav aku 1 x USB laadimiskaabel juhtimiskangi nupud \u00c4pp: Apple App Store: MK Basic: https:\/\/apps.apple.com\/us\/app\/%E5%AE%87%E6%98%9F%E7%A7%91%E6%8A%80\/id1457417598 MK Plus: https:\/\/apps.apple.com\/us\/app\/%E5%AE%87%E6%98%9F%E7%A7%AF%E6%9C%A8\/id6444075223 Google Play Store: MK Basic: https:\/\/play.google.com\/store\/apps\/details?id=com.yxkj_main.building_block_robot MK Plus: https:\/\/play.google.com\/store\/apps\/details?id=com.yxkj_main.yu_xing_long_connection<\/p>","protected":false},"featured_media":19576,"template":"","meta":[],"product_brand":[],"product_cat":[271],"product_tag":[],"class_list":{"0":"post-19575","1":"product","2":"type-product","3":"status-publish","4":"has-post-thumbnail","6":"product_cat-puldid-ja-akud","8":"first","9":"instock","10":"featured","11":"taxable","12":"shipping-taxable","13":"purchasable","14":"product-type-simple"},"_links":{"self":[{"href":"https:\/\/www.elektrikas.ee\/lt\/wp-json\/wp\/v2\/product\/19575","targetHints":{"allow":["GET"]}}],"collection":[{"href":"https:\/\/www.elektrikas.ee\/lt\/wp-json\/wp\/v2\/product"}],"about":[{"href":"https:\/\/www.elektrikas.ee\/lt\/wp-json\/wp\/v2\/types\/product"}],"wp:featuredmedia":[{"embeddable":true,"href":"https:\/\/www.elektrikas.ee\/lt\/wp-json\/wp\/v2\/media\/19576"}],"wp:attachment":[{"href":"https:\/\/www.elektrikas.ee\/lt\/wp-json\/wp\/v2\/media?parent=19575"}],"wp:term":[{"taxonomy":"product_brand","embeddable":true,"href":"https:\/\/www.elektrikas.ee\/lt\/wp-json\/wp\/v2\/product_brand?post=19575"},{"taxonomy":"product_cat","embeddable":true,"href":"https:\/\/www.elektrikas.ee\/lt\/wp-json\/wp\/v2\/product_cat?post=19575"},{"taxonomy":"product_tag","embeddable":true,"href":"https:\/\/www.elektrikas.ee\/lt\/wp-json\/wp\/v2\/product_tag?post=19575"}],"curies":[{"name":"wp","href":"https:\/\/api.w.org\/{rel}","templated":true}]}}