{"id":18745,"date":"2025-06-11T16:25:41","date_gmt":"2025-06-11T13:25:41","guid":{"rendered":"https:\/\/elektrikas.ee\/p\/maaratlemata\/wltoys-124016-v8-v2-112-4wd-rc-racing-car-high-speed-brushless-motor-off-road-one-hand-remote-control-drift-climbing-kids-toys\/"},"modified":"2025-10-28T23:33:54","modified_gmt":"2025-10-28T21:33:54","slug":"wltoys-124016-v8","status":"publish","type":"product","link":"https:\/\/www.elektrikas.ee\/lt\/p\/rc\/4x4\/wltoys-124016-v8\/","title":{"rendered":"WLtoys 124016 V8 1:12 4WD be\u0161epetis nuotolinio valdymo automobilis"},"content":{"rendered":"<p>Modelis: WL 124016<\/p>\n<p>Prek\u0117s \u017eenklas: WLtoys<\/p>\n<p>Mastelis: 1:12<\/p>\n<p>Gaminio dydis (CM): 35,6*20,8*12,3<\/p>\n<p>Pakuot\u0117s dydis (CM): 45*22,7*14,1<\/p>\n<p>pakuot\u0117s dydis (CM): 45*24*15<\/p>\n<p>Gaminio svoris: 1,09 kg<\/p>\n<p>pakuot\u0117s svoris: 1,8 kg<\/p>\n<p>Maksimalus greitis: 75 km\/h<\/p>\n<p>Kelion\u0117s trukm\u0117: 8 minut\u0117s<\/p>\n<p>\u012ekrovimo laikas: 3 valandos<\/p>\n<p>Nuotolinis valdymas: 2,4 G nuotolinis valdymas<\/p>\n<p>Atstumas (m): 100 metr\u0173<\/p>\n<p>Variklis: be\u0161epetis variklis<\/p>\n<p>Standartin\u0117s baterijos duomenys: 7,4 V 2200 mAh<\/p>","protected":false},"excerpt":{"rendered":"<p>Mudel: WL 124016 Kaubam\u00e4rk: WLtoys M\u00f5\u00f5tkava: 1:12 Toote suurus (CM): 35,6*20,8*12,3 Pakendi suurus (CM): 45*22,7*14,1 pakendi suurus (CM): 45*24*15 Toote kaal: 1,09 kg pakendi kaal: 1,8 kg Maksimaalne kiirus: 75 km\/h S\u00f5iduaeg: 8 minutit Laadimisaeg: 3 tundi Kaugjuhtimispult: 2,4G kaugjuhtimispult Kaugus (m): 100 meetrit Ajami mootor: harjadeta mootor Standardaku andmed: 7,4 V 2200 mAh<\/p>","protected":false},"featured_media":18646,"template":"","meta":[],"product_brand":[],"product_cat":[166],"product_tag":[],"class_list":{"0":"post-18745","1":"product","2":"type-product","3":"status-publish","4":"has-post-thumbnail","6":"product_cat-4x4","8":"first","9":"instock","10":"taxable","11":"shipping-taxable","12":"purchasable","13":"product-type-variable","14":"wvs-archive-product-wrapper"},"_links":{"self":[{"href":"https:\/\/www.elektrikas.ee\/lt\/wp-json\/wp\/v2\/product\/18745","targetHints":{"allow":["GET"]}}],"collection":[{"href":"https:\/\/www.elektrikas.ee\/lt\/wp-json\/wp\/v2\/product"}],"about":[{"href":"https:\/\/www.elektrikas.ee\/lt\/wp-json\/wp\/v2\/types\/product"}],"wp:featuredmedia":[{"embeddable":true,"href":"https:\/\/www.elektrikas.ee\/lt\/wp-json\/wp\/v2\/media\/18646"}],"wp:attachment":[{"href":"https:\/\/www.elektrikas.ee\/lt\/wp-json\/wp\/v2\/media?parent=18745"}],"wp:term":[{"taxonomy":"product_brand","embeddable":true,"href":"https:\/\/www.elektrikas.ee\/lt\/wp-json\/wp\/v2\/product_brand?post=18745"},{"taxonomy":"product_cat","embeddable":true,"href":"https:\/\/www.elektrikas.ee\/lt\/wp-json\/wp\/v2\/product_cat?post=18745"},{"taxonomy":"product_tag","embeddable":true,"href":"https:\/\/www.elektrikas.ee\/lt\/wp-json\/wp\/v2\/product_tag?post=18745"}],"curies":[{"name":"wp","href":"https:\/\/api.w.org\/{rel}","templated":true}]}}