{"id":18695,"date":"2025-06-11T16:25:34","date_gmt":"2025-06-11T13:25:34","guid":{"rendered":"https:\/\/elektrikas.ee\/p\/maaratlemata\/wltoys-a959a-a959b-1-18-4wd-rc-racing-car-35km-h-2-4g-remote-control-drift-high-speed-off-road-vehicle-adult-boys-toys-kids-gift\/"},"modified":"2025-10-28T23:37:11","modified_gmt":"2025-10-28T21:37:11","slug":"wltos-a959a-rc-car","status":"publish","type":"product","link":"https:\/\/www.elektrikas.ee\/lt\/p\/rc\/4x4\/wltos-a959a-rc-car\/","title":{"rendered":"WLtoys A959A 1\/18 4WD 35 km\/h nuotolinio valdymo automobilis su drift funkcija"},"content":{"rendered":"<p>Modelis: WL A959-A<br \/>\nPrek\u0117s \u017eenklas: WLtoys<br \/>\nMastelis: 1:18<br \/>\nGaminio dydis (CM): 24,5*17,5*9,4<br \/>\nPakuot\u0117s dydis (CM): 32*21*22,5<br \/>\nPakuot\u0117s dydis (CM): 32,5*21,5*23<br \/>\nGaminio svoris: 0,58 kg<br \/>\nPakuot\u0117s svoris: 1,08 kg<br \/>\nMaksimalus greitis: 35 km\/h<br \/>\nSkryd\u017eio trukm\u0117: 10 minu\u010di\u0173<br \/>\n\u012ekrovimo laikas: 3 valandos<br \/>\nNuotolinis valdymas: 2,4 G nuotolinis valdymas<br \/>\nNuotolinio valdymo pultelio baterijos: 4 * AA baterijos (\u012f komplekt\u0105 ne\u012feina)<br \/>\nNuotolis: 100 metr\u0173 +<br \/>\nTraukos variklis: 390 \u0161epe\u010di\u0173 variklis<br \/>\nStandartin\u0117s baterijos duomenys: 6,4 V 750 mAh<\/p>\n<p>&nbsp;<\/p>\n<p>Modelis: WL A959-B<\/p>\n<p>Prek\u0117s \u017eenklas: WLtoys<\/p>\n<p>Mastelis: 1:18<\/p>\n<p>Gaminio dydis (CM): 24,5*17,5*9,4<\/p>\n<p>Pakuot\u0117s dydis (CM): 32*21*23<\/p>\n<p>Gaminio svoris: 0,935 kg<\/p>\n<p>Pakuot\u0117s svoris: 1,20 kg<\/p>\n<p>Did\u017eiausias greitis: 70 km\/h<\/p>\n<p>Skryd\u017eio trukm\u0117: daugiau nei 6 minut\u0117s<\/p>\n<p>\u012ekrovimo laikas: 120 minu\u010di\u0173<\/p>\n<p>Nuotolinio valdymo pultas: 2,4 GHz nuotolinio valdymo pultas<\/p>\n<p>Nuotolinio valdymo pultelio baterijos: 4 * AA baterijos (\u012f komplekt\u0105 ne\u012feina)<\/p>\n<p>Nuotolis: 100 metr\u0173 +<\/p>\n<p>Traukos variklis: 540 \u0161epe\u010di\u0173 variklis<\/p>\n<p>Standartin\u0117s baterijos duomenys: 7,4 V, 1500 mAh<\/p>","protected":false},"excerpt":{"rendered":"<p>Mudel: WL A959-A Kaubam\u00e4rk: WLtoys M\u00f5\u00f5tkava: 1:18 Toote suurus (CM): 24,5*17,5*9,4 Pakendi suurus (CM): 32*21*22,5 Pakendi suurus (CM): 32,5*21,5*23 Toote kaal: 0,58 kg Pakendi kaal: 1,08 kg Maksimaalne kiirus: 35 km\/h Lennuaeg: 10 minutit Laadimisaeg: 3 tundi Kaugjuhtimispult: 2,4G kaugjuhtimispult Kaugjuhtimispuldi patarei: 4 * AA patarei (ei kuulu komplekti) Kaugkaugus: 100 meetrit + Veomootor: 390 [&hellip;]<\/p>","protected":false},"featured_media":18697,"template":"","meta":[],"product_brand":[],"product_cat":[166],"product_tag":[],"class_list":{"0":"post-18695","1":"product","2":"type-product","3":"status-publish","4":"has-post-thumbnail","6":"product_cat-4x4","8":"first","9":"instock","10":"taxable","11":"shipping-taxable","12":"purchasable","13":"product-type-variable","14":"wvs-archive-product-wrapper"},"_links":{"self":[{"href":"https:\/\/www.elektrikas.ee\/lt\/wp-json\/wp\/v2\/product\/18695","targetHints":{"allow":["GET"]}}],"collection":[{"href":"https:\/\/www.elektrikas.ee\/lt\/wp-json\/wp\/v2\/product"}],"about":[{"href":"https:\/\/www.elektrikas.ee\/lt\/wp-json\/wp\/v2\/types\/product"}],"wp:featuredmedia":[{"embeddable":true,"href":"https:\/\/www.elektrikas.ee\/lt\/wp-json\/wp\/v2\/media\/18697"}],"wp:attachment":[{"href":"https:\/\/www.elektrikas.ee\/lt\/wp-json\/wp\/v2\/media?parent=18695"}],"wp:term":[{"taxonomy":"product_brand","embeddable":true,"href":"https:\/\/www.elektrikas.ee\/lt\/wp-json\/wp\/v2\/product_brand?post=18695"},{"taxonomy":"product_cat","embeddable":true,"href":"https:\/\/www.elektrikas.ee\/lt\/wp-json\/wp\/v2\/product_cat?post=18695"},{"taxonomy":"product_tag","embeddable":true,"href":"https:\/\/www.elektrikas.ee\/lt\/wp-json\/wp\/v2\/product_tag?post=18695"}],"curies":[{"name":"wp","href":"https:\/\/api.w.org\/{rel}","templated":true}]}}