{"id":18651,"date":"2025-06-11T16:25:29","date_gmt":"2025-06-11T13:25:29","guid":{"rendered":"https:\/\/elektrikas.ee\/p\/maaratlemata\/wltoys-124007-124019-pro-112-brushless-rc-car-4wd-75km-h-rtr-one-hand-remote-control-racing-off-road-drift-boys-toys-kids-gift\/"},"modified":"2025-10-28T23:39:02","modified_gmt":"2025-10-28T21:39:02","slug":"wltoys-124007-124019","status":"publish","type":"product","link":"https:\/\/www.elektrikas.ee\/lt\/p\/rc\/4x4\/wltoys-124007-124019\/","title":{"rendered":"WLtoys 124007 1:12 75 km\/h 4WD nuotolinio valdymo automobilis"},"content":{"rendered":"<p>Modelis: WL 124007<\/p>\n<p>Prek\u0117s \u017eenklas: WLtoys<\/p>\n<p>Mastelis: 1:12<\/p>\n<p>Gaminio dydis (CM): 35,6*20,8*11<\/p>\n<p>Pakuot\u0117s dydis (CM): 45*24*15<\/p>\n<p>Gaminio svoris: 1,03 kg<\/p>\n<p>Pakuot\u0117s svoris: 1,71 kg<\/p>\n<p>Maksimalus greitis: 75 km\/h<\/p>\n<p>Kelion\u0117s trukm\u0117: 8 minut\u0117s<\/p>\n<p>\u012ekrovimo laikas: 300 minu\u010di\u0173<\/p>\n<p>Nuotolinio valdymo pultas: 2,4 GHz nuotolinio valdymo pultas<\/p>\n<p>Nuotolinio valdymo pultelio baterijos: 4 * AA baterijos (\u012f komplekt\u0105 ne\u012feina)<\/p>\n<p>Nuotolis: 100 metr\u0173 +<\/p>\n<p>Variklis: be\u0161epetis variklis<\/p>\n<p>Standartin\u0117 baterijos informacija: 7,4 V 2200 mAh li\u010dio jon\u0173<\/p>","protected":false},"excerpt":{"rendered":"<p>Mudel: WL 124007 Kaubam\u00e4rk: WLtoys M\u00f5\u00f5tkava: 1:12 Toote suurus (CM): 35,6*20,8*11 Pakendi suurus (CM): 45*24*15 Toote kaal: 1,03 kg Pakendi kaal: 1,71 kg Maksimaalne kiirus: 75 km\/h S\u00f5iduaeg: 8 minutit Laadimisaeg: 300 minutit Kaugjuhtimispult: 2,4 GHz kaugjuhtimispult Kaugjuhtimispuldi patarei: 4 * AA patarei (ei kuulu komplekti) Kaugkaugus: 100 meetrit + Ajami mootor: harjadeta mootor Standardaku [&hellip;]<\/p>","protected":false},"featured_media":18652,"template":"","meta":[],"product_brand":[],"product_cat":[166],"product_tag":[],"class_list":{"0":"post-18651","1":"product","2":"type-product","3":"status-publish","4":"has-post-thumbnail","6":"product_cat-4x4","8":"first","9":"instock","10":"taxable","11":"shipping-taxable","12":"purchasable","13":"product-type-variable","14":"wvs-archive-product-wrapper"},"_links":{"self":[{"href":"https:\/\/www.elektrikas.ee\/lt\/wp-json\/wp\/v2\/product\/18651","targetHints":{"allow":["GET"]}}],"collection":[{"href":"https:\/\/www.elektrikas.ee\/lt\/wp-json\/wp\/v2\/product"}],"about":[{"href":"https:\/\/www.elektrikas.ee\/lt\/wp-json\/wp\/v2\/types\/product"}],"wp:featuredmedia":[{"embeddable":true,"href":"https:\/\/www.elektrikas.ee\/lt\/wp-json\/wp\/v2\/media\/18652"}],"wp:attachment":[{"href":"https:\/\/www.elektrikas.ee\/lt\/wp-json\/wp\/v2\/media?parent=18651"}],"wp:term":[{"taxonomy":"product_brand","embeddable":true,"href":"https:\/\/www.elektrikas.ee\/lt\/wp-json\/wp\/v2\/product_brand?post=18651"},{"taxonomy":"product_cat","embeddable":true,"href":"https:\/\/www.elektrikas.ee\/lt\/wp-json\/wp\/v2\/product_cat?post=18651"},{"taxonomy":"product_tag","embeddable":true,"href":"https:\/\/www.elektrikas.ee\/lt\/wp-json\/wp\/v2\/product_tag?post=18651"}],"curies":[{"name":"wp","href":"https:\/\/api.w.org\/{rel}","templated":true}]}}