{"id":18071,"date":"2025-10-29T19:05:30","date_gmt":"2025-10-29T17:05:30","guid":{"rendered":"https:\/\/elektrikas.ee\/toode\/evercross-tech-ev13m-childrens-electric-motorbike-150w-2-speeds-8-16-km-h-12-km-autonomy-12-off-road-tires-for\/"},"modified":"2025-10-29T19:06:54","modified_gmt":"2025-10-29T17:06:54","slug":"evercross-ev13m","status":"publish","type":"product","link":"https:\/\/www.elektrikas.ee\/lt\/p\/mootorrattad\/laste-m\/evercross-ev13m\/","title":{"rendered":"Evercross EV13M 150 W, 14 V, 5,2 Ah, 16 km\/h, 12 km, 12 coli\u0173 elektrinis motociklas"},"content":{"rendered":"<div class=\"product-specs-list-container\">\n<ul class=\"product-specs-list util-clearfix\">\n<li class=\"product-prop line-limit-length\"><span class=\"property-title\">Modelio numeris:\u00a0<\/span><span class=\"property-desc line-limit-length\">EV13M<\/span><\/li>\n<li class=\"product-prop line-limit-length\"><span class=\"property-title\">Nominalus keleivi\u0173 skai\u010dius:\u00a0<\/span><span class=\"property-desc line-limit-length\">Viena vieta<\/span><\/li>\n<li class=\"product-prop line-limit-length\"><span class=\"property-title\">Stilius:\u00a0<\/span><span class=\"property-desc line-limit-length\">Standartinis tipas<\/span><\/li>\n<li class=\"product-prop line-limit-length\"><span class=\"property-title\">Did\u017eiausias greitis:\u00a0<\/span><span class=\"property-desc line-limit-length\">&lt;25 km\/h<\/span><\/li>\n<li class=\"product-prop line-limit-length\"><span class=\"property-title\">Ulatus:\u00a0<\/span><span class=\"property-desc line-limit-length\">10 - 30 km<\/span><\/li>\n<li class=\"product-prop line-limit-length\"><span class=\"property-title\">Galia:\u00a0<\/span><span class=\"property-desc line-limit-length\">&lt; 200W<\/span><\/li>\n<li class=\"product-prop line-limit-length\"><span class=\"property-title\">Maitinimo \u0161altinis:\u00a0<\/span><span class=\"property-desc line-limit-length\">li\u010dio baterija<\/span><\/li>\n<li class=\"product-prop line-limit-length\"><span class=\"property-title\">Pinge:\u00a0<\/span><span class=\"property-desc line-limit-length\">14<\/span><\/li>\n<li class=\"product-prop line-limit-length\"><span class=\"property-title\">Prek\u0117s \u017eenklas:\u00a0<\/span><span class=\"property-desc line-limit-length\">EVERCROSS TECH<\/span><\/li>\n<li class=\"product-prop line-limit-length\"><span class=\"property-title\">Maitinimo \u0161altinio tipas:\u00a0<\/span><span class=\"property-desc line-limit-length\">li\u010dio baterija<\/span><\/li>\n<li class=\"product-prop line-limit-length\"><span class=\"property-title\">Variklis:\u00a0<\/span><span class=\"property-desc line-limit-length\">Be\u0161epet\u0117linis<\/span><\/li>\n<li class=\"product-prop line-limit-length\"><span class=\"property-title\">Sulankstomas:\u00a0<\/span><span class=\"property-desc line-limit-length\">Ne<\/span><\/li>\n<li class=\"product-prop line-limit-length\"><span class=\"property-title\">Rat\u0173 dydis:\u00a0<\/span><span class=\"property-desc line-limit-length\">12\u201d<\/span><\/li>\n<li class=\"product-prop line-limit-length\"><span class=\"property-title\">R\u0117mo med\u017eiaga:\u00a0<\/span><span class=\"property-desc line-limit-length\">Aliuminio lydinys<\/span><\/li>\n<\/ul>\n<\/div>\n<div class=\"detailmodule_html\">\n<div class=\"detail-desc-decorate-richtext\">\n<p style=\"font-family: DeepSeek-CJK-patch, Inter, system-ui, -apple-system, BlinkMacSystemFont, 'Segoe UI', Roboto, 'Noto Sans', Ubuntu, Cantarell, 'Helvetica Neue', Oxygen, 'Open Sans', sans-serif; font-size: 16.002px; font-weight: 400; letter-spacing: normal; line-height: var(--ds-md-line-height); text-align: start; color: #404040; margin: calc(var(--ds-md-zoom)*12px)0;\" align=\"start\"><strong>150 W galingas variklis ir grandinin\u0117s pavaros<\/strong><\/p>\n<p style=\"font-family: DeepSeek-CJK-patch, Inter, system-ui, -apple-system, BlinkMacSystemFont, 'Segoe UI', Roboto, 'Noto Sans', Ubuntu, Cantarell, 'Helvetica Neue', Oxygen, 'Open Sans', sans-serif; font-size: 16.002px; font-weight: 400; letter-spacing: normal; line-height: var(--ds-md-line-height); text-align: start; color: #404040; margin: calc(var(--ds-md-zoom)*12px)0;\" align=\"start\">Atraskite m\u016bs\u0173 tvirt\u0105 150 W varikl\u012f, kuris u\u017etikrina skland\u0173 ir patikim\u0105 veikim\u0105 kartu su grandinine pavara, u\u017etikrinan\u010dia optimal\u0173 saugum\u0105. J\u016bs\u0173 vaikas gal\u0117s m\u0117gautis jautriu ir kontroliuojamu va\u017eiavimu net ir va\u017eiuojant dideliu grei\u010diu.<\/p>\n<p style=\"font-family: DeepSeek-CJK-patch, Inter, system-ui, -apple-system, BlinkMacSystemFont, 'Segoe UI', Roboto, 'Noto Sans', Ubuntu, Cantarell, 'Helvetica Neue', Oxygen, 'Open Sans', sans-serif; font-size: 16.002px; font-weight: 400; letter-spacing: normal; line-height: var(--ds-md-line-height); text-align: start; color: #404040; margin: calc(var(--ds-md-zoom)*12px)0;\" align=\"start\"><strong>2 reguliuojami grei\u010dio re\u017eimai<\/strong><br \/>\nDu reguliuojami grei\u010dio re\u017eimai (8 km\/h ir 16 km\/h) leid\u017eia jauniesiems pilotams tobul\u0117ti savo tempu. Puikus tvirtinimo progresas - patikima ir jaudinanti vairavimo patirtis.<\/p>\n<p style=\"font-family: DeepSeek-CJK-patch, Inter, system-ui, -apple-system, BlinkMacSystemFont, 'Segoe UI', Roboto, 'Noto Sans', Ubuntu, Cantarell, 'Helvetica Neue', Oxygen, 'Open Sans', sans-serif; font-size: 16.002px; font-weight: 400; letter-spacing: normal; line-height: var(--ds-md-line-height); text-align: start; color: #404040; margin: calc(var(--ds-md-zoom)*12px)0;\" align=\"start\"><strong>Ilgalaikis savaranki\u0161kumas<\/strong><br \/>\nEV13M turi didel\u0117s talpos 14,4 V\/5,2Ah (74,88Wh) akumuliatori\u0173 ir gali nuva\u017eiuoti iki 12 km. Daugiau \u017eaidim\u0173, ma\u017eiau pertrauk\u0173 j\u016bs\u0173 ma\u017eiesiems nuotyki\u0173 ie\u0161kotojams!<\/p>\n<p style=\"font-family: DeepSeek-CJK-patch, Inter, system-ui, -apple-system, BlinkMacSystemFont, 'Segoe UI', Roboto, 'Noto Sans', Ubuntu, Cantarell, 'Helvetica Neue', Oxygen, 'Open Sans', sans-serif; font-size: 16.002px; font-weight: 400; letter-spacing: normal; line-height: var(--ds-md-line-height); text-align: start; color: #404040; margin: calc(var(--ds-md-zoom)*12px)0;\" align=\"start\"><strong>Idealus dydis 3-12 met\u0173 vaikams<\/strong><br \/>\nSpecialiai sukurtas vaikams: kompakti\u0161kas dydis (92,5 \u00d7 54 \u00d7 64,5 cm) ir nedidelis svoris (11,5 kg). Atlaiko iki 40 kg svor\u012f, idealiai tinka 3-12 met\u0173 vaikams.<\/p>\n<p style=\"font-family: DeepSeek-CJK-patch, Inter, system-ui, -apple-system, BlinkMacSystemFont, 'Segoe UI', Roboto, 'Noto Sans', Ubuntu, Cantarell, 'Helvetica Neue', Oxygen, 'Open Sans', sans-serif; font-size: 16.002px; font-weight: 400; letter-spacing: normal; line-height: var(--ds-md-line-height); text-align: start; color: #404040; margin: calc(var(--ds-md-zoom)*12px)0;\" align=\"start\"><strong>12\u201c kra\u0161tovaizd\u017eio padangos<\/strong><br \/>\nSu patvariomis 12 coli\u0173 padangomis \u0161i transporto priemon\u0117 gali va\u017eiuoti \u012fvairiomis vietov\u0117mis: \u017eole, \u0161aligatviu ar lengvais keliais. Puikus kompanionas stabiliam ir maloniam nuotykiui lauke.<\/p>\n<\/div>\n<\/div>","protected":false},"excerpt":{"rendered":"<p>Mudeli number:\u00a0EV13M Nominaalne reisijate mahutavus:\u00a0\u00dcks iste Stiil:\u00a0Standardsed\u00fc\u00fcp Maksimaalne kiirus:\u00a0&lt;25 km\/h Ulatus:\u00a010 &#8211; 30 km V\u00f5imsus:\u00a0&lt; 200W Toiteallikas:\u00a0liitiumaku Pinge:\u00a014 Kaubam\u00e4rk:\u00a0EVERCROSS TECH Toiteallika t\u00fc\u00fcp:\u00a0liitiumaku Mootor:\u00a0Harjadeta Kokkupandav:\u00a0Ei Ratta suurus:\u00a012\u201d Raami materjal:\u00a0Alumiiniumisulamist 150W v\u00f5imas mootor ja kettajamid Avastage meie vastupidav 150W mootor, mis pakub sujuvat ja usaldusv\u00e4\u00e4rset j\u00f5udlust, koos kettajamite s\u00fcsteemiga optimaalseks turvalisuseks. Teie laps kasu saab reageerimisv\u00f5imelisest ja [&hellip;]<\/p>","protected":false},"featured_media":18072,"template":"","meta":[],"product_brand":[],"product_cat":[71],"product_tag":[],"class_list":{"0":"post-18071","1":"product","2":"type-product","3":"status-publish","4":"has-post-thumbnail","6":"product_cat-laste-m","8":"first","9":"instock","10":"taxable","11":"shipping-taxable","12":"purchasable","13":"product-type-variable","14":"wvs-archive-product-wrapper"},"_links":{"self":[{"href":"https:\/\/www.elektrikas.ee\/lt\/wp-json\/wp\/v2\/product\/18071","targetHints":{"allow":["GET"]}}],"collection":[{"href":"https:\/\/www.elektrikas.ee\/lt\/wp-json\/wp\/v2\/product"}],"about":[{"href":"https:\/\/www.elektrikas.ee\/lt\/wp-json\/wp\/v2\/types\/product"}],"wp:featuredmedia":[{"embeddable":true,"href":"https:\/\/www.elektrikas.ee\/lt\/wp-json\/wp\/v2\/media\/18072"}],"wp:attachment":[{"href":"https:\/\/www.elektrikas.ee\/lt\/wp-json\/wp\/v2\/media?parent=18071"}],"wp:term":[{"taxonomy":"product_brand","embeddable":true,"href":"https:\/\/www.elektrikas.ee\/lt\/wp-json\/wp\/v2\/product_brand?post=18071"},{"taxonomy":"product_cat","embeddable":true,"href":"https:\/\/www.elektrikas.ee\/lt\/wp-json\/wp\/v2\/product_cat?post=18071"},{"taxonomy":"product_tag","embeddable":true,"href":"https:\/\/www.elektrikas.ee\/lt\/wp-json\/wp\/v2\/product_tag?post=18071"}],"curies":[{"name":"wp","href":"https:\/\/api.w.org\/{rel}","templated":true}]}}