{"id":20430,"date":"2026-03-02T07:50:33","date_gmt":"2026-03-02T05:50:33","guid":{"rendered":"https:\/\/elektrikas.ee\/?post_type=product&#038;p=20430"},"modified":"2026-03-19T20:55:34","modified_gmt":"2026-03-19T18:55:34","slug":"brickfight-kit","status":"publish","type":"product","link":"https:\/\/www.elektrikas.ee\/fi\/p\/klotsid\/komplektid\/brickfight-kit\/","title":{"rendered":"Brickfight-rakennussarja 1200 osaa"},"content":{"rendered":"<p>Kaikki mit\u00e4 tarvitset ensimm\u00e4isen taistelurobottisi rakentamiseen ja paljon muuta. Pakkaus on suunniteltu sek\u00e4 tiilitaistelujen v\u00e4himm\u00e4isvaatimuksia ett\u00e4 insin\u00f6\u00f6riharrastajien tarpeita ajatellen, ja se sis\u00e4lt\u00e4\u00e4 my\u00f6s tasauspy\u00f6r\u00e4st\u00f6n, vaihteet, servomoottorin ja paljon muuta.<\/p>\n<p>Valittavana on 6 v\u00e4rivaihtoehtoa.<\/p>\n<p>Kokoamme tuotteet t\u00e4ll\u00e4 hetkell\u00e4 k\u00e4sin, eik\u00e4 kaikki tule yhdest\u00e4 tehtaasta, joten tuotteen valmistaminen voi kest\u00e4\u00e4 jopa 30 p\u00e4iv\u00e4\u00e4.<\/p>\n<p>Sis\u00e4lt\u00e4\u00e4 moottorit: 2 x L-moottori, Monster-moottori ja servomoottori.<\/p>\n<p>Osia on tarpeeksi kahdelle robotille, mutta tarvitset my\u00f6s toisen moottorisarjan, jos haluat kaksi k\u00e4ytt\u00f6konetta.<\/p>\n<p>Osien kokonaispaino 1410 g (sis\u00e4lt\u00e4en 4 moottoria, kaukos\u00e4\u00e4timen ja akun).<\/p>\n<p>Tuotteen nettopaino 2680 g.<\/p>","protected":false},"excerpt":{"rendered":"<p>Kaikki mit\u00e4 tarvitset ensimm\u00e4isen taistelurobottisi rakentamiseen ja paljon muuta. Pakkaus on suunniteltu sek\u00e4 tiilitaistelujen v\u00e4himm\u00e4isvaatimuksia ett\u00e4 insin\u00f6\u00f6riharrastajien tarpeita ajatellen, ja se sis\u00e4lt\u00e4\u00e4 my\u00f6s tasauspy\u00f6r\u00e4st\u00f6n, vaihteet, servomoottorin jne. Valittavana on 6 v\u00e4rivaihtoehtoa. T\u00e4ll\u00e4 hetkell\u00e4 kokoamme tuotteet k\u00e4sin, eik\u00e4 kaikki tule yhdest\u00e4 tehtaasta, joten tuotteen valmistus voi kest\u00e4\u00e4 jopa 30 p\u00e4iv\u00e4\u00e4. Sis\u00e4lt\u00e4\u00e4 moottorit: 2x L [\u2026]<\/p>","protected":false},"featured_media":20432,"template":"","meta":[],"product_brand":[],"product_cat":[270],"product_tag":[],"class_list":{"0":"post-20430","1":"product","2":"type-product","3":"status-publish","4":"has-post-thumbnail","6":"product_cat-komplektid","8":"first","9":"instock","10":"taxable","11":"shipping-taxable","12":"purchasable","13":"product-type-variable","14":"wvs-archive-product-wrapper"},"_links":{"self":[{"href":"https:\/\/www.elektrikas.ee\/fi\/wp-json\/wp\/v2\/product\/20430","targetHints":{"allow":["GET"]}}],"collection":[{"href":"https:\/\/www.elektrikas.ee\/fi\/wp-json\/wp\/v2\/product"}],"about":[{"href":"https:\/\/www.elektrikas.ee\/fi\/wp-json\/wp\/v2\/types\/product"}],"wp:featuredmedia":[{"embeddable":true,"href":"https:\/\/www.elektrikas.ee\/fi\/wp-json\/wp\/v2\/media\/20432"}],"wp:attachment":[{"href":"https:\/\/www.elektrikas.ee\/fi\/wp-json\/wp\/v2\/media?parent=20430"}],"wp:term":[{"taxonomy":"product_brand","embeddable":true,"href":"https:\/\/www.elektrikas.ee\/fi\/wp-json\/wp\/v2\/product_brand?post=20430"},{"taxonomy":"product_cat","embeddable":true,"href":"https:\/\/www.elektrikas.ee\/fi\/wp-json\/wp\/v2\/product_cat?post=20430"},{"taxonomy":"product_tag","embeddable":true,"href":"https:\/\/www.elektrikas.ee\/fi\/wp-json\/wp\/v2\/product_tag?post=20430"}],"curies":[{"name":"wp","href":"https:\/\/api.w.org\/{rel}","templated":true}]}}