{"id":19643,"date":"2025-10-28T22:36:54","date_gmt":"2025-10-28T20:36:54","guid":{"rendered":"https:\/\/elektrikas.ee\/?post_type=product&#038;p=19643"},"modified":"2025-11-06T18:47:55","modified_gmt":"2025-11-06T16:47:55","slug":"rc-battle-bots-demon-vs-stormer","status":"publish","type":"product","link":"https:\/\/www.elektrikas.ee\/fi\/p\/rc\/robolahing\/rc-battle-bots-demon-vs-stormer\/","title":{"rendered":"RC Battle Bots - Demon VS Stormer"},"content":{"rendered":"<h3 class=\"ng-star-inserted\"><span class=\"ng-star-inserted\">Todellisia robottitaisteluja<\/span><\/h3>\n<p class=\"ng-star-inserted\"><span class=\"ng-star-inserted\">N\u00e4m\u00e4 kauko-ohjattavat robotit ovat valmiita adrenaliinipitoisiin taisteluihin! Vasara ja rumpupistooli ovat vastakkain, jotta taistelu todella her\u00e4\u00e4 henkiin. Robotin kyljest\u00e4 \u201cirtoavat\u201d osat antavat realistisen vaikutelman, aivan kuin oikea taistelu olisi k\u00e4ynniss\u00e4. T\u00e4m\u00e4 tekee taisteluista erityisen mukaansatempaavia ja antaa lapsille todellisen kilpailukokemuksen.<\/span><\/p>\n<h3 class=\"ng-star-inserted\"><span class=\"ng-star-inserted\">Kolme el\u00e4m\u00e4npistett\u00e4 ja strategia<\/span><\/h3>\n<p class=\"ng-star-inserted\"><span class=\"ng-star-inserted\">Jokaisella robotilla on kolme elint\u00e4rke\u00e4\u00e4 kohtaa ja omat heikot kohtansa sivuilla. Jos osut vastustajan heikkoon kohtaan, keppisi v\u00e4risee ja ilmoittaa siit\u00e4 sinulle. Kolme osumaa ja vastustajan robotti on ulkona pelist\u00e4! Lapset voivat kehitt\u00e4\u00e4 strategista ajatteluaan, jotta he voivat p\u00e4ihitt\u00e4\u00e4 vastustajansa ja vied\u00e4 voiton kotiin. Lasten ajattelutaidot paranevat my\u00f6s pelatessa.<\/span><\/p>\n<h3 class=\"ng-star-inserted\"><span class=\"ng-star-inserted\">Tehokas ja pitk\u00e4ik\u00e4inen<\/span><\/h3>\n<p class=\"ng-star-inserted\"><span class=\"ng-star-inserted\">Tehokas neliveto ja 2,4 GHz:n konsoli takaavat nopean ja tarkan ohjauksen j\u00e4nnitt\u00e4v\u00e4\u00e4 taistelua varten. Mukana toimitetaan kaksi ladattavaa akkua (3,7 V 500 mAh*2), jotka antavat roboteille riitt\u00e4v\u00e4sti virtaa pitkiin ja hauskoihin leikkisessioihin.<\/span><\/p>\n<h3 class=\"ng-star-inserted\"><span class=\"ng-star-inserted\">Kehitt\u00e4minen ja sitouttaminen<\/span><\/h3>\n<p class=\"ng-star-inserted\"><span class=\"ng-star-inserted\">Taistelurobotit ovat hyv\u00e4 alku lapsille sukeltaa robottien j\u00e4nnitt\u00e4v\u00e4\u00e4n maailmaan. Ne eiv\u00e4t ainoastaan tarjoa viihdett\u00e4, vaan auttavat lapsia my\u00f6s kehitt\u00e4m\u00e4\u00e4n silm\u00e4-k\u00e4si-koordinaatiota ja strategista ajattelua. Se on loistava tapa oppia leikin kautta ja tarjota lapsille terveellinen ja yst\u00e4v\u00e4llinen kilpailuymp\u00e4rist\u00f6. T\u00e4ydellinen peli lasten v\u00e4lisiin turnauksiin sek\u00e4 hauskaksi perhetoiminnaksi!<\/span><\/p>","protected":false},"excerpt":{"rendered":"<p>T\u00f5elised robolahingud Need puldist juhitavad robotid on valmis adrenaliinirohketeks lahinguteks! Vastamisi on on haamer ja trummelrelv, mis paneb v\u00f5itluse t\u00f5eliselt elama. Roboti k\u00fcljest &#8220;purunevad&#8221; osad annavad realistliku tunnetuse, justkui k\u00e4iks p\u00e4ris v\u00f5itlus. See muudab lahingud eriti kaasahaaravaks ja pakub lastele t\u00f5elise v\u00f5istluse elamuse. Kolm elupunkti ja strateegia Igal robotil on kolm elupunkti ja omad n\u00f5rgad [&hellip;]<\/p>","protected":false},"featured_media":19644,"template":"","meta":[],"product_brand":[],"product_cat":[374],"product_tag":[],"class_list":{"0":"post-19643","1":"product","2":"type-product","3":"status-publish","4":"has-post-thumbnail","6":"product_cat-robolahing","8":"first","9":"instock","10":"taxable","11":"shipping-taxable","12":"purchasable","13":"product-type-simple"},"_links":{"self":[{"href":"https:\/\/www.elektrikas.ee\/fi\/wp-json\/wp\/v2\/product\/19643","targetHints":{"allow":["GET"]}}],"collection":[{"href":"https:\/\/www.elektrikas.ee\/fi\/wp-json\/wp\/v2\/product"}],"about":[{"href":"https:\/\/www.elektrikas.ee\/fi\/wp-json\/wp\/v2\/types\/product"}],"wp:featuredmedia":[{"embeddable":true,"href":"https:\/\/www.elektrikas.ee\/fi\/wp-json\/wp\/v2\/media\/19644"}],"wp:attachment":[{"href":"https:\/\/www.elektrikas.ee\/fi\/wp-json\/wp\/v2\/media?parent=19643"}],"wp:term":[{"taxonomy":"product_brand","embeddable":true,"href":"https:\/\/www.elektrikas.ee\/fi\/wp-json\/wp\/v2\/product_brand?post=19643"},{"taxonomy":"product_cat","embeddable":true,"href":"https:\/\/www.elektrikas.ee\/fi\/wp-json\/wp\/v2\/product_cat?post=19643"},{"taxonomy":"product_tag","embeddable":true,"href":"https:\/\/www.elektrikas.ee\/fi\/wp-json\/wp\/v2\/product_tag?post=19643"}],"curies":[{"name":"wp","href":"https:\/\/api.w.org\/{rel}","templated":true}]}}