{"id":19594,"date":"2025-10-27T23:08:07","date_gmt":"2025-10-27T21:08:07","guid":{"rendered":"https:\/\/elektrikas.ee\/p\/maaratlemata\/4-kanaliga-pult-aku-cada\/"},"modified":"2025-11-08T15:08:52","modified_gmt":"2025-11-08T13:08:52","slug":"4-kanaliga-pult-aku-cada","status":"publish","type":"product","link":"https:\/\/www.elektrikas.ee\/fi\/p\/klotsid\/puldid-ja-akud\/4-kanaliga-pult-aku-cada\/","title":{"rendered":"4-kanavainen konsoli + akku CADA"},"content":{"rendered":"<div class=\"product-specs-list-container\">\n<div class=\"product-specs-list-container\">\n<div class=\"product-specs-list-container\">\n<p>Toimii, CADA-tuotemerkki, 3\/5.\u00a0<\/p>\n<p>Ongelmia akun ja kaukos\u00e4\u00e4timen sammumisen kanssa. Kaukos\u00e4\u00e4timen pariston napat ovat heikot, ja on suositeltavaa laittaa kumi\/muovi alle, jotta kontakti paristoon ei katoa, mik\u00e4 osittain ratkaisee ongelman.<\/p>\n<p>Painikkeet vain on-off, ei mukautuva.<\/p>\n<p>Akun kesto yhdell\u00e4 latauksella ~50min.<\/p>\n<p>Pakkaus sis\u00e4lt\u00e4\u00e4:<\/p>\n<ul>\n<li>1 x ladattava kaukos\u00e4\u00e4din<\/li>\n<li>1 x ladattava akku<\/li>\n<li>1 x USB-latauskaapeli<\/li>\n<\/ul>\n<\/div>\n<\/div>\n<\/div>","protected":false},"excerpt":{"rendered":"<p>T\u00f6\u00f6tab, CADA br\u00e4nd, 3\/5.\u00a0 Probleemid aku ja puldi ise v\u00e4lja l\u00fclitumisega. Puldi patareiklemmid on n\u00f5rgad ning soovituslik sinna kummi\/vahut\u00fckk alla panna, et kontakt patareiga ei kaoks ja see lahendab probleemi osaliselt. Nupud ainult on-off, ei ole adaptiivne. Kasutusaeg \u00fche laadimisega ~50min. Pakend sisaldab: 1 x laetav kaugjuhtimispult 1 x laetav aku 1 x USB laadimiskaabel<\/p>","protected":false},"featured_media":19595,"template":"","meta":[],"product_brand":[],"product_cat":[271],"product_tag":[],"class_list":{"0":"post-19594","1":"product","2":"type-product","3":"status-publish","4":"has-post-thumbnail","6":"product_cat-puldid-ja-akud","8":"first","9":"instock","10":"taxable","11":"shipping-taxable","12":"purchasable","13":"product-type-simple"},"_links":{"self":[{"href":"https:\/\/www.elektrikas.ee\/fi\/wp-json\/wp\/v2\/product\/19594","targetHints":{"allow":["GET"]}}],"collection":[{"href":"https:\/\/www.elektrikas.ee\/fi\/wp-json\/wp\/v2\/product"}],"about":[{"href":"https:\/\/www.elektrikas.ee\/fi\/wp-json\/wp\/v2\/types\/product"}],"wp:featuredmedia":[{"embeddable":true,"href":"https:\/\/www.elektrikas.ee\/fi\/wp-json\/wp\/v2\/media\/19595"}],"wp:attachment":[{"href":"https:\/\/www.elektrikas.ee\/fi\/wp-json\/wp\/v2\/media?parent=19594"}],"wp:term":[{"taxonomy":"product_brand","embeddable":true,"href":"https:\/\/www.elektrikas.ee\/fi\/wp-json\/wp\/v2\/product_brand?post=19594"},{"taxonomy":"product_cat","embeddable":true,"href":"https:\/\/www.elektrikas.ee\/fi\/wp-json\/wp\/v2\/product_cat?post=19594"},{"taxonomy":"product_tag","embeddable":true,"href":"https:\/\/www.elektrikas.ee\/fi\/wp-json\/wp\/v2\/product_tag?post=19594"}],"curies":[{"name":"wp","href":"https:\/\/api.w.org\/{rel}","templated":true}]}}