{"id":19583,"date":"2025-10-27T22:55:28","date_gmt":"2025-10-27T20:55:28","guid":{"rendered":"https:\/\/elektrikas.ee\/p\/maaratlemata\/4-kanaliga-pult-aku\/"},"modified":"2026-04-19T13:28:27","modified_gmt":"2026-04-19T10:28:27","slug":"4-kanaliga-pult-aku","status":"publish","type":"product","link":"https:\/\/www.elektrikas.ee\/fi\/p\/klotsid\/puldid-ja-akud\/4-kanaliga-pult-aku\/","title":{"rendered":"4-kanavainen konsoli + akku"},"content":{"rendered":"<div class=\"product-specs-list-container\">\n<p>Sopii tavallisiin LEGO-autoihin ja robotiikkaan, ei lohkotaisteluihin, hyv\u00e4 s\u00e4\u00e4dett\u00e4v\u00e4 tai mukautuva nopeus. Ohjausvivut ovat vain yl\u00f6s-alas + vasen-oikea. Koska kaukos\u00e4\u00e4timen yl\u00e4kulmassa olevat painikkeet eiv\u00e4t toimi, on vaikea k\u00e4ytt\u00e4\u00e4 asetta palikkataisteluun.  2\/5.<\/p>\n<p>Yksi haittapuoli - kaukos\u00e4\u00e4timen kahvat juuttuvat joskus ajoasentoon tai aktivoituvat itsest\u00e4\u00e4n. Kaukos\u00e4\u00e4din on kytkett\u00e4v\u00e4 p\u00e4\u00e4lle ja pois p\u00e4\u00e4lt\u00e4 tai napautettava sit\u00e4 lyhyesti.<\/p>\n<p>Akun kesto yhdell\u00e4 latauksella ~40min.<\/p>\n<p>Pakkaus sis\u00e4lt\u00e4\u00e4:<\/p>\n<ul>\n<li>1 x ladattava kaukos\u00e4\u00e4din<\/li>\n<li>1 x ladattava akku<\/li>\n<li>1 x USB-latauskaapeli<\/li>\n<\/ul>\n<\/div>","protected":false},"excerpt":{"rendered":"<p>Sobib tavalise LEGO auto ja robootika jaoks, klotsilahingu jaoks mitte, hea reguleeritav ehk adaptiivne kiirus. Juhtimiskangid on ainult \u00fcles-alla + vasak-parem. Kuna puldi \u00fcleval nurgas olevad nupud ei t\u00f6\u00f6ta on klotsilahingu jaoks relva raske kasutada.\u00a0 2\/5. \u00dcks miinus &#8211; puldi juhtimiskangid j\u00e4\u00e4vad m\u00f5nikord s\u00f5iduasendisse kinni v\u00f5i aktiveeruvad ise. Pult tuleb korraks sisse-v\u00e4lja l\u00fclitada v\u00f5i korraks [&hellip;]<\/p>","protected":false},"featured_media":19584,"template":"","meta":[],"product_brand":[],"product_cat":[271],"product_tag":[],"class_list":{"0":"post-19583","1":"product","2":"type-product","3":"status-publish","4":"has-post-thumbnail","6":"product_cat-puldid-ja-akud","8":"first","9":"instock","10":"taxable","11":"shipping-taxable","12":"purchasable","13":"product-type-simple"},"_links":{"self":[{"href":"https:\/\/www.elektrikas.ee\/fi\/wp-json\/wp\/v2\/product\/19583","targetHints":{"allow":["GET"]}}],"collection":[{"href":"https:\/\/www.elektrikas.ee\/fi\/wp-json\/wp\/v2\/product"}],"about":[{"href":"https:\/\/www.elektrikas.ee\/fi\/wp-json\/wp\/v2\/types\/product"}],"wp:featuredmedia":[{"embeddable":true,"href":"https:\/\/www.elektrikas.ee\/fi\/wp-json\/wp\/v2\/media\/19584"}],"wp:attachment":[{"href":"https:\/\/www.elektrikas.ee\/fi\/wp-json\/wp\/v2\/media?parent=19583"}],"wp:term":[{"taxonomy":"product_brand","embeddable":true,"href":"https:\/\/www.elektrikas.ee\/fi\/wp-json\/wp\/v2\/product_brand?post=19583"},{"taxonomy":"product_cat","embeddable":true,"href":"https:\/\/www.elektrikas.ee\/fi\/wp-json\/wp\/v2\/product_cat?post=19583"},{"taxonomy":"product_tag","embeddable":true,"href":"https:\/\/www.elektrikas.ee\/fi\/wp-json\/wp\/v2\/product_tag?post=19583"}],"curies":[{"name":"wp","href":"https:\/\/api.w.org\/{rel}","templated":true}]}}