{"id":19221,"date":"2025-10-27T20:31:02","date_gmt":"2025-10-27T18:31:02","guid":{"rendered":"https:\/\/elektrikas.ee\/?post_type=product&#038;p=19221"},"modified":"2026-03-01T16:50:19","modified_gmt":"2026-03-01T14:50:19","slug":"klotsilahingu-robot-vegas","status":"publish","type":"product","link":"https:\/\/www.elektrikas.ee\/fi\/p\/klotsid\/komplektid\/klotsilahingu-robot-vegas\/","title":{"rendered":"Tiilitaistelurobotti Vegas 563 kpl"},"content":{"rendered":"<p>Sarja sis\u00e4lt\u00e4\u00e4 3 moottoria, akun ja konsolin (Mould King).<\/p>\n<p>2 vaihtoehtoista aseasettelua - vaaka- ja pystysuora.<\/p>\n<p>Tuotettu ja hyv\u00e4ksytty Technicalities BY kk:n toimesta. Robotti toimii 2 L-moottorilla ja 1 XL-moottorilla. T\u00e4m\u00e4 on BattleBrickBot Combat -robottisarjan perustason malli, joka sis\u00e4lt\u00e4\u00e4 tiilist\u00e4 rakennettuja robotteja. Ottelun voittoehtona on, ett\u00e4 vihollinen ei voi en\u00e4\u00e4 liikkua.<\/p>","protected":false},"excerpt":{"rendered":"<p>Valmistaja: LesDIY<br \/>\nSuunnittelija: Technicalities by KK<br \/>\nPCS: 563<br \/>\nKoko: 33 x 29 x 17 cm<\/p>\n<p>Toimitus: 1,5 kuukautta - valmistettu Hongkongissa tilauksen tekemisen j\u00e4lkeen.<\/p>","protected":false},"featured_media":19222,"template":"","meta":[],"product_brand":[],"product_cat":[270],"product_tag":[],"class_list":{"0":"post-19221","1":"product","2":"type-product","3":"status-publish","4":"has-post-thumbnail","6":"product_cat-komplektid","8":"first","9":"instock","10":"taxable","11":"shipping-taxable","12":"purchasable","13":"product-type-simple"},"_links":{"self":[{"href":"https:\/\/www.elektrikas.ee\/fi\/wp-json\/wp\/v2\/product\/19221","targetHints":{"allow":["GET"]}}],"collection":[{"href":"https:\/\/www.elektrikas.ee\/fi\/wp-json\/wp\/v2\/product"}],"about":[{"href":"https:\/\/www.elektrikas.ee\/fi\/wp-json\/wp\/v2\/types\/product"}],"wp:featuredmedia":[{"embeddable":true,"href":"https:\/\/www.elektrikas.ee\/fi\/wp-json\/wp\/v2\/media\/19222"}],"wp:attachment":[{"href":"https:\/\/www.elektrikas.ee\/fi\/wp-json\/wp\/v2\/media?parent=19221"}],"wp:term":[{"taxonomy":"product_brand","embeddable":true,"href":"https:\/\/www.elektrikas.ee\/fi\/wp-json\/wp\/v2\/product_brand?post=19221"},{"taxonomy":"product_cat","embeddable":true,"href":"https:\/\/www.elektrikas.ee\/fi\/wp-json\/wp\/v2\/product_cat?post=19221"},{"taxonomy":"product_tag","embeddable":true,"href":"https:\/\/www.elektrikas.ee\/fi\/wp-json\/wp\/v2\/product_tag?post=19221"}],"curies":[{"name":"wp","href":"https:\/\/api.w.org\/{rel}","templated":true}]}}