{"id":18675,"date":"2025-06-11T16:25:31","date_gmt":"2025-06-11T13:25:31","guid":{"rendered":"https:\/\/elektrikas.ee\/p\/maaratlemata\/new-wltoys-wl-144001-led-114-rc-racing-car-65km-h-2-4g-remote-control-high-speed-off-road-drift-adult-boys-toys-kids-gift\/"},"modified":"2025-10-28T23:37:47","modified_gmt":"2025-10-28T21:37:47","slug":"wltoys-wl144001","status":"publish","type":"product","link":"https:\/\/www.elektrikas.ee\/fi\/p\/rc\/4x4\/wltoys-wl144001\/","title":{"rendered":"WLtoys WL 144001 1:14 65 km\/h kauko-ohjattava auto"},"content":{"rendered":"<p style=\"margin-left: 25px;\">Malli: WL 144001<br \/>\nTuotemerkki: WLtoys<br \/>\nMittakaava: 1:14<br \/>\nTuotteen koko (cm): 31*20,5*11<br \/>\nPakkauksen koko (cm): 41,5*23*15<br \/>\nPakkauksen koko (cm): 48*44*48<br \/>\nTuotteen paino: 0,92 kg<br \/>\npaketin paino: 1,8 kg<br \/>\nHuippunopeus: 60 km\/h<br \/>\nLentoaika: 7 minuuttia<br \/>\nLatausaika: 3 tuntia<br \/>\nKaukos\u00e4\u00e4din: 2,4 GHz:n kaukos\u00e4\u00e4din<br \/>\nEt\u00e4isyys (m): 100 metri\u00e4<br \/>\nK\u00e4ytt\u00f6moottori: 550 hiiliharjamoottori, jossa on voimakas magneetti<br \/>\nVakiopariston tiedot: 7,4 V, 1500 mAh<\/p>","protected":false},"excerpt":{"rendered":"<p>Mudel: WL 144001 Kaubam\u00e4rk: WLtoys M\u00f5\u00f5tkava: 1:14 Toote suurus (CM): 31*20,5*11 Pakendi suurus (CM): 41,5*23*15 pakendi suurus (CM): 48*44*48 Toote kaal: 0,92 kg pakendi kaal: 1,8 kg Maksimaalne kiirus: 60 km\/h Lennuaeg: 7 minutit Laadimisaeg: 3 tundi Kaugjuhtimispult: 2,4G kaugjuhtimispult Kaugus (m): 100 meetrit Ajami mootor: 550 s\u00fcsinikuharjaga tugeva magnetiga mootor Standardaku \u00fcksikasjad: 7,4 V [&hellip;]<\/p>","protected":false},"featured_media":18676,"template":"","meta":[],"product_brand":[],"product_cat":[166],"product_tag":[],"class_list":{"0":"post-18675","1":"product","2":"type-product","3":"status-publish","4":"has-post-thumbnail","6":"product_cat-4x4","8":"first","9":"instock","10":"taxable","11":"shipping-taxable","12":"purchasable","13":"product-type-variable","14":"wvs-archive-product-wrapper"},"_links":{"self":[{"href":"https:\/\/www.elektrikas.ee\/fi\/wp-json\/wp\/v2\/product\/18675","targetHints":{"allow":["GET"]}}],"collection":[{"href":"https:\/\/www.elektrikas.ee\/fi\/wp-json\/wp\/v2\/product"}],"about":[{"href":"https:\/\/www.elektrikas.ee\/fi\/wp-json\/wp\/v2\/types\/product"}],"wp:featuredmedia":[{"embeddable":true,"href":"https:\/\/www.elektrikas.ee\/fi\/wp-json\/wp\/v2\/media\/18676"}],"wp:attachment":[{"href":"https:\/\/www.elektrikas.ee\/fi\/wp-json\/wp\/v2\/media?parent=18675"}],"wp:term":[{"taxonomy":"product_brand","embeddable":true,"href":"https:\/\/www.elektrikas.ee\/fi\/wp-json\/wp\/v2\/product_brand?post=18675"},{"taxonomy":"product_cat","embeddable":true,"href":"https:\/\/www.elektrikas.ee\/fi\/wp-json\/wp\/v2\/product_cat?post=18675"},{"taxonomy":"product_tag","embeddable":true,"href":"https:\/\/www.elektrikas.ee\/fi\/wp-json\/wp\/v2\/product_tag?post=18675"}],"curies":[{"name":"wp","href":"https:\/\/api.w.org\/{rel}","templated":true}]}}