{"id":18543,"date":"2025-10-29T19:05:30","date_gmt":"2025-10-29T17:05:30","guid":{"rendered":"https:\/\/elektrikas.ee\/p\/maaratlemata\/evercross-tech-ev-08m-child-electric-motorbike-motor-150w-speed-modes-8-16-km-h-10-km-range-12-tires-vintage-style\/"},"modified":"2025-10-29T19:10:33","modified_gmt":"2025-10-29T17:10:33","slug":"evercross-ev08m","status":"publish","type":"product","link":"https:\/\/www.elektrikas.ee\/fi\/p\/mootorrattad\/laste-m\/evercross-ev08m\/","title":{"rendered":"EVERCROSS TECH EV08M 150 W 12 V 4 Ah 16 km\/h 10 km 12\u2033 s\u00e4hk\u00f6moottoripy\u00f6r\u00e4"},"content":{"rendered":"<div class=\"product-specs-list-container\">\n<ul class=\"product-specs-list util-clearfix\">\n<li class=\"product-prop line-limit-length\"><span class=\"property-title\">Malli: <\/span><span class=\"property-desc line-limit-length\">EV08M<\/span><\/li>\n<li class=\"product-prop line-limit-length\"><span class=\"property-title\">Maksiminopeus: <\/span><span class=\"property-desc line-limit-length\">&lt;16km\/h<\/span><\/li>\n<li class=\"product-prop line-limit-length\"><span class=\"property-title\">Yhden latauksen v\u00e4linen et\u00e4isyys: <\/span><span class=\"property-desc line-limit-length\">10 - 30 km<\/span><\/li>\n<li class=\"product-prop line-limit-length\"><span class=\"property-title\">Teho: <\/span><span class=\"property-desc line-limit-length\">&lt; 200W<\/span><\/li>\n<li>Kantavuus: 50kg<\/li>\n<li class=\"product-prop line-limit-length\"><span class=\"property-title\">Pinge: <\/span><span class=\"property-desc line-limit-length\">12V<\/span><\/li>\n<li class=\"product-prop line-limit-length\"><span class=\"property-title\">Tuotemerkki: <\/span><span class=\"property-desc line-limit-length\">EVERCROSS TECH<\/span><\/li>\n<\/ul>\n<\/div>\n<div class=\"detailmodule_html\"><\/div>","protected":false},"excerpt":{"rendered":"<p>Mudel: EV08M Max kiirus: &lt;16km\/h Vahemaa \u00fche laadimisega: 10 &#8211; 30 km V\u00f5imsus: &lt; 200W Kandev\u00f5ime: 50kg Pinge: 12V Brand: EVERCROSS TECH<\/p>","protected":false},"featured_media":18575,"template":"","meta":[],"product_brand":[],"product_cat":[71],"product_tag":[],"class_list":{"0":"post-18543","1":"product","2":"type-product","3":"status-publish","4":"has-post-thumbnail","6":"product_cat-laste-m","8":"first","9":"instock","10":"taxable","11":"shipping-taxable","12":"purchasable","13":"product-type-variable","14":"wvs-archive-product-wrapper"},"_links":{"self":[{"href":"https:\/\/www.elektrikas.ee\/fi\/wp-json\/wp\/v2\/product\/18543","targetHints":{"allow":["GET"]}}],"collection":[{"href":"https:\/\/www.elektrikas.ee\/fi\/wp-json\/wp\/v2\/product"}],"about":[{"href":"https:\/\/www.elektrikas.ee\/fi\/wp-json\/wp\/v2\/types\/product"}],"wp:featuredmedia":[{"embeddable":true,"href":"https:\/\/www.elektrikas.ee\/fi\/wp-json\/wp\/v2\/media\/18575"}],"wp:attachment":[{"href":"https:\/\/www.elektrikas.ee\/fi\/wp-json\/wp\/v2\/media?parent=18543"}],"wp:term":[{"taxonomy":"product_brand","embeddable":true,"href":"https:\/\/www.elektrikas.ee\/fi\/wp-json\/wp\/v2\/product_brand?post=18543"},{"taxonomy":"product_cat","embeddable":true,"href":"https:\/\/www.elektrikas.ee\/fi\/wp-json\/wp\/v2\/product_cat?post=18543"},{"taxonomy":"product_tag","embeddable":true,"href":"https:\/\/www.elektrikas.ee\/fi\/wp-json\/wp\/v2\/product_tag?post=18543"}],"curies":[{"name":"wp","href":"https:\/\/api.w.org\/{rel}","templated":true}]}}