{"id":18081,"date":"2025-10-29T19:05:30","date_gmt":"2025-10-29T17:05:30","guid":{"rendered":"https:\/\/elektrikas.ee\/toode\/evercross-tech-childrens-electric-motorbike-ev12m-motor-300w-max-speed-25-km-h-autonomy-15-km-12-inch-tires\/"},"modified":"2025-10-29T19:08:40","modified_gmt":"2025-10-29T17:08:40","slug":"evercross-ev12m","status":"publish","type":"product","link":"https:\/\/www.elektrikas.ee\/fi\/p\/mootorrattad\/laste-m\/evercross-ev12m\/","title":{"rendered":"Evercross EV12M 300 W 36 V 4 Ah 25 km\/h 15 km 12\u2033 s\u00e4hk\u00f6moottoripy\u00f6r\u00e4"},"content":{"rendered":"<div class=\"product-specs-list-container\">\n<ul class=\"product-specs-list util-clearfix\">\n<li class=\"product-prop line-limit-length\"><span class=\"property-title\">Mallinumero:\u00a0<\/span><span class=\"property-desc line-limit-length\">EV12M<\/span><\/li>\n<li class=\"product-prop line-limit-length\"><span class=\"property-title\">Suurin nopeus:\u00a0<\/span><span class=\"property-desc line-limit-length\">&lt;25 km\/h<\/span><\/li>\n<li class=\"product-prop line-limit-length\"><span class=\"property-title\">Laajuus kantokyvyn mukaan:\u00a0<\/span><span class=\"property-desc line-limit-length\">10 - 30 km<\/span><\/li>\n<li class=\"product-prop line-limit-length\"><span class=\"property-title\">Teho: 30<\/span><span class=\"property-desc line-limit-length\">0w<\/span><\/li>\n<li>Kantavuus: 65kg<\/li>\n<li class=\"product-prop line-limit-length\"><span class=\"property-title\">Virtal\u00e4hde:\u00a0<\/span><span class=\"property-desc line-limit-length\">litiumparisto<\/span><\/li>\n<li class=\"product-prop line-limit-length\"><span class=\"property-title\">Pinge:\u00a0<\/span><span class=\"property-desc line-limit-length\">36V<\/span><\/li>\n<li class=\"product-prop line-limit-length\"><span class=\"property-title\">Tuotemerkki:\u00a0<\/span><span class=\"property-desc line-limit-length\">EVERCROSS TECH<\/span><\/li>\n<li class=\"product-prop line-limit-length\"><span class=\"property-title\">Virtal\u00e4hde:\u00a0<\/span><span class=\"property-desc line-limit-length\">litiumparisto<\/span><\/li>\n<\/ul>\n<\/div>\n<div class=\"detailmodule_html\"><\/div>","protected":false},"excerpt":{"rendered":"<p>Mudelinumber:\u00a0EV12M Maksimaalne kiirus:\u00a0&lt;25 km\/h Ulatus kandev\u00f5ime j\u00e4rgi:\u00a010 &#8211; 30 km V\u00f5imsus: 300w Kandev\u00f5ime: 65kg Toiteallikas:\u00a0liitiumaku Pinge:\u00a036V Br\u00e4nd:\u00a0EVERCROSS TECH Toiteallikas:\u00a0liitiumaku<\/p>","protected":false},"featured_media":18082,"template":"","meta":[],"product_brand":[],"product_cat":[71],"product_tag":[],"class_list":{"0":"post-18081","1":"product","2":"type-product","3":"status-publish","4":"has-post-thumbnail","6":"product_cat-laste-m","8":"first","9":"instock","10":"taxable","11":"shipping-taxable","12":"purchasable","13":"product-type-variable","14":"wvs-archive-product-wrapper"},"_links":{"self":[{"href":"https:\/\/www.elektrikas.ee\/fi\/wp-json\/wp\/v2\/product\/18081","targetHints":{"allow":["GET"]}}],"collection":[{"href":"https:\/\/www.elektrikas.ee\/fi\/wp-json\/wp\/v2\/product"}],"about":[{"href":"https:\/\/www.elektrikas.ee\/fi\/wp-json\/wp\/v2\/types\/product"}],"wp:featuredmedia":[{"embeddable":true,"href":"https:\/\/www.elektrikas.ee\/fi\/wp-json\/wp\/v2\/media\/18082"}],"wp:attachment":[{"href":"https:\/\/www.elektrikas.ee\/fi\/wp-json\/wp\/v2\/media?parent=18081"}],"wp:term":[{"taxonomy":"product_brand","embeddable":true,"href":"https:\/\/www.elektrikas.ee\/fi\/wp-json\/wp\/v2\/product_brand?post=18081"},{"taxonomy":"product_cat","embeddable":true,"href":"https:\/\/www.elektrikas.ee\/fi\/wp-json\/wp\/v2\/product_cat?post=18081"},{"taxonomy":"product_tag","embeddable":true,"href":"https:\/\/www.elektrikas.ee\/fi\/wp-json\/wp\/v2\/product_tag?post=18081"}],"curies":[{"name":"wp","href":"https:\/\/api.w.org\/{rel}","templated":true}]}}