{"id":17018,"date":"2025-02-21T19:26:01","date_gmt":"2025-02-21T17:26:01","guid":{"rendered":"https:\/\/puidunurk.ee\/?page_id=17018"},"modified":"2025-10-30T18:30:12","modified_gmt":"2025-10-30T16:30:12","slug":"tingimused","status":"publish","type":"page","link":"https:\/\/www.elektrikas.ee\/fi\/tingimused\/","title":{"rendered":"Myyntiehdot"},"content":{"rendered":"<div data-elementor-type=\"wp-page\" data-elementor-id=\"17018\" class=\"elementor elementor-17018\" data-elementor-post-type=\"page\">\n\t\t\t\t\t\t<section class=\"elementor-section elementor-top-section elementor-element elementor-element-5f5980f elementor-section-boxed elementor-section-height-default elementor-section-height-default\" data-id=\"5f5980f\" data-element_type=\"section\">\n\t\t\t\t\t\t<div class=\"elementor-container elementor-column-gap-default\">\n\t\t\t\t\t<div class=\"elementor-column elementor-col-100 elementor-top-column elementor-element elementor-element-acc15b8\" data-id=\"acc15b8\" data-element_type=\"column\">\n\t\t\t<div class=\"elementor-widget-wrap elementor-element-populated\">\n\t\t\t\t\t\t<div class=\"elementor-element elementor-element-6627e16 elementor-widget elementor-widget-heading\" data-id=\"6627e16\" data-element_type=\"widget\" data-widget_type=\"heading.default\">\n\t\t\t\t<div class=\"elementor-widget-container\">\n\t\t\t\t\t<h2 class=\"elementor-heading-title elementor-size-default\">Tilaus- ja toimitusehdot<\/h2>\t\t\t\t<\/div>\n\t\t\t\t<\/div>\n\t\t\t\t<div class=\"elementor-element elementor-element-2fccf54 elementor-widget elementor-widget-text-editor\" data-id=\"2fccf54\" data-element_type=\"widget\" data-widget_type=\"text-editor.default\">\n\t\t\t\t<div class=\"elementor-widget-container\">\n\t\t\t\t\t\t\t\t\t<p>Verkkokaupan elektikas.ee (j\u00e4ljemp\u00e4n\u00e4 \u201dVerkkokauppa\u201d) omistaja on STRAT O\u00dc (rekisterikoodi 14627694), osoite M\u00f5isavahe tn 46-116, 50708 Tartu, Tartu County.<\/p><h3><strong>Myyntisopimuksen, tuote- ja hintatietojen p\u00e4tevyys<\/strong><\/h3><p>Myyntiehdot koskevat verkkokaupassa tehtyj\u00e4 ostoksia.<\/p><p>Verkkokaupassa myyt\u00e4vien tuotteiden hinnat on ilmoitettu tuotteiden vieress\u00e4. Hintaan lis\u00e4t\u00e4\u00e4n toimituskulut. Kaikki verkkokaupassa myyt\u00e4vien tuotteiden hinnat ovat euroina.<\/p><p>Toimitusmaksu riippuu ostajan sijainnista ja toimitustavasta. Toimitusmaksu n\u00e4kyy ostajalle tilauksen yhteydess\u00e4.<\/p><p>Tuotteita koskevat tiedot l\u00f6ytyv\u00e4t verkkokaupasta suoraan tuotteiden vierest\u00e4.<\/p><h3><strong>Tilauksen tekeminen<\/strong><\/h3><p>Tilataaksesi tuotteita, lis\u00e4\u00e4 haluamasi tuotteet ostoskoriin. Viimeistele tilauksesi t\u00e4ytt\u00e4m\u00e4ll\u00e4 vaaditut kent\u00e4t ja valitsemalla sopiva toimitustapa. N\u00e4yt\u00f6lle ilmestyy tilauksen kokonaissumma, jonka voit maksaa turvallisesti seuraavilla maksutavoilla:<\/p><ul><li>Viron pankkimaksut<\/li><li>Visa\/Mastercard-korttimaksut<\/li><li>Apple Pay ja Google Pay<\/li><li>Maksu my\u00f6hemmin -ratkaisut<\/li><\/ul><p>Huom! Kun maksat pankkilinkin kautta, muista klikata pankin sivulla olevaa \u201eTakaisin kauppiaalle\u201c -painiketta.<\/p><p>Maksut k\u00e4sitell\u00e4\u00e4n LHV:n kautta. Maksu tapahtuu verkkokaupan ulkopuolella turvallisessa ymp\u00e4rist\u00f6ss\u00e4 \u2013 pankkilinkill\u00e4 maksettaessa kyseisen pankin turvallisessa ymp\u00e4rist\u00f6ss\u00e4 ja luottokortilla maksettaessa turvallisessa ymp\u00e4rist\u00f6ss\u00e4. Myyj\u00e4ll\u00e4 ei ole p\u00e4\u00e4sy\u00e4 asiakkaan pankki- ja luottokorttitietoihin. Sopimus tulee voimaan, kun maksettava summa on saapunut verkkokaupan tilille.<\/p><p>Verkkokaupan omistaja on henkil\u00f6tietojen rekisterinpit\u00e4j\u00e4 ja v\u00e4litt\u00e4\u00e4 maksujen suorittamiseen tarvittavat henkil\u00f6tiedot valtuutetulle k\u00e4sittelij\u00e4lle.<\/p><p>Jos tilattuja tuotteita ei voida toimittaa varastojen loppumisen tai muiden syiden vuoksi, ostajalle ilmoitetaan asiasta mahdollisimman pian ja maksetut rahat (mukaan lukien toimituskulut) palautetaan v\u00e4litt\u00f6m\u00e4sti, kuitenkin viimeist\u00e4\u00e4n 14 p\u00e4iv\u00e4n kuluttua ilmoituksen l\u00e4hett\u00e4misest\u00e4.<\/p><h3><strong>Toimitus<\/strong><\/h3><p>Tavarat toimitetaan seuraaviin maihin: Viro<\/p><p>Ostajalla on seuraavat vaihtoehdot tavaran vastaanottamiseksi:<\/p><ul><li>Tulevat tapahtumat Tartossa<\/li><li>Omniva-pakettiterminaali<\/li><li>Smartpost-pakettiterminaali<\/li><\/ul><p>Ostaja vastaa toimituskuluista, ja vastaavat hintatiedot n\u00e4kyv\u00e4t toimitustavan vieress\u00e4.<\/p><p>STRAT O\u00dc l\u00e4hett\u00e4\u00e4 tilatut tavarat 2\u20135 ty\u00f6p\u00e4iv\u00e4n kuluessa siit\u00e4, kun maksu on saapunut STRAT O\u00dc:n pankkitilille. Jos tilattuja tuotteita ei ole varastossa Virossa tai tilausta ei voida toimittaa 2\u20135 ty\u00f6p\u00e4iv\u00e4n kuluessa muusta syyst\u00e4, kauppa ilmoittaa asiasta ostajalle. Kauppa ei ole vastuussa postipalveluntarjoajan aiheuttamista viiv\u00e4styksist\u00e4 tavaroiden toimituksessa ostajalle.<\/p><p>Poikkeustapauksissa tavarat voidaan toimittaa jopa 45 kalenterip\u00e4iv\u00e4n kuluessa.<\/p><h3><strong>Peruuttamisoikeus<\/strong><\/h3><p>Tilauksen vastaanottamisen j\u00e4lkeen ostajalla on oikeus peruuttaa verkkokaupassa tehty sopimus 14 p\u00e4iv\u00e4n kuluessa.<\/p><p>Peruuttamisoikeus ei koske ostajia, jotka ovat oikeushenkil\u00f6it\u00e4.<\/p><p>14 p\u00e4iv\u00e4n palautusoikeuden k\u00e4ytt\u00e4miseksi tilattuja tavaroita ei saa k\u00e4ytt\u00e4\u00e4 muulla tavalla kuin tavaroiden luonteen, ominaisuuksien ja toiminnan varmistamiseksi, kuten tavaroiden testaaminen fyysisess\u00e4 myym\u00e4l\u00e4ss\u00e4 sallii.<\/p><p>Jos tavarat on k\u00e4ytetty muuhun kuin niiden luonteen, ominaisuuksien ja toimivuuden selvitt\u00e4miseen tarvittavaan tarkoitukseen tai jos niiss\u00e4 on k\u00e4yt\u00f6n tai kulumisen merkkej\u00e4, verkkokaupalla on oikeus v\u00e4hent\u00e4\u00e4 hyvityksen m\u00e4\u00e4r\u00e4\u00e4 tavaroiden arvon alenemisen mukaisesti.<\/p><p>Tuotteiden palauttamiseksi sinun on toimitettava ostosta luopumista koskeva ilmoitus, jonka lomake l\u00f6ytyy <a href=\"https:\/\/cdn.prod.website-files.com\/606d887c84f615f26e673155\/609e7331448746e9bbfb7e0d_JM_m41_lisa1.pdf\">t\u00e4\u00e4lt\u00e4 <\/a>ja l\u00e4het\u00e4 se s\u00e4hk\u00f6postiosoitteeseen shop@elektrikas.ee viimeist\u00e4\u00e4n 14 p\u00e4iv\u00e4n kuluessa tavaran vastaanottamisesta.<\/p><p>Tavaran palauttamisesta aiheutuvat kustannukset ovat ostajan vastuulla, ellei palautuksen syyn\u00e4 ole se, ett\u00e4 palautettava tuote ei vastaa tilausta (esim. v\u00e4\u00e4r\u00e4 tai viallinen tuote).<\/p><p>Ostajan on palautettava tavarat 14 p\u00e4iv\u00e4n kuluessa hakemuksen j\u00e4tt\u00e4misest\u00e4 tai toimitettava todiste siit\u00e4, ett\u00e4 h\u00e4n on luovuttanut tavarat kuljetusliikkeelle edell\u00e4 mainitun m\u00e4\u00e4r\u00e4ajan kuluessa.<\/p><p>Verkkokauppa palauttaa ostajalle kaikki sopimuksen nojalla ostajalta saadut maksut v\u00e4litt\u00f6m\u00e4sti palautettujen tavaroiden vastaanottamisen j\u00e4lkeen, mutta viimeist\u00e4\u00e4n 14 p\u00e4iv\u00e4n kuluessa peruutusilmoituksen vastaanottamisesta.<\/p><p>Verkkokauppa voi kielt\u00e4yty\u00e4 palauttamasta rahaa, kunnes se on vastaanottanut sopimuksen kohteena olevan tuotteen tai kunnes ostaja on toimittanut todisteet tuotteen palauttamisesta, sen mukaan kumpi tapahtuu ensin.<\/p><p>Jos ostaja on nimenomaisesti valinnut muun toimitustavan kuin verkkokaupan tarjoaman edullisimman vakiotoimitustavan, verkkokauppa ei ole velvollinen korvaamaan kuluttajalle vakiotoimitustavasta aiheutuvia kustannuksia ylitt\u00e4vi\u00e4 kustannuksia.<\/p><p>Verkkokaupalla on oikeus peruuttaa myynti ja vaatia ostajaa palauttamaan tavarat, jos tavaran hinta verkkokaupassa on virheen vuoksi huomattavasti markkinahintaa alhaisempi.<\/p><h3><strong>Oikeus tehd\u00e4 valitus<\/strong><\/h3><p>Verkkokauppa on vastuussa sopimusehtojen noudattamatta j\u00e4tt\u00e4misest\u00e4 tai ostajalle myydyiss\u00e4 tavaroissa olevista virheist\u00e4, jotka olivat olemassa jo toimitushetkell\u00e4 ja jotka ilmenev\u00e4t kahden vuoden kuluessa tavaran toimittamisesta ostajalle.\u00a0Vuoden kuluessa toimituksesta ostajalle oletetaan, ett\u00e4 vika oli olemassa jo toimitushetkell\u00e4. Verkkokaupan vastuulla on kumota t\u00e4m\u00e4 olettamus.<\/p><p>Vian ilmetess\u00e4 ostajalla on oikeus ottaa yhteytt\u00e4 verkkokauppaan viimeist\u00e4\u00e4n kahden kuukauden kuluessa l\u00e4hett\u00e4m\u00e4ll\u00e4 s\u00e4hk\u00f6postia osoitteeseen shop@elektrikas.ee.<\/p><p>Verkkokauppa ei ole vastuussa mist\u00e4\u00e4n virheist\u00e4, jotka ovat syntyneet sen j\u00e4lkeen, kun tavarat on toimitettu ostajalle.<\/p><p>Jos verkkokaupasta ostetuissa tavaroissa on vikoja, joista verkkokauppa on vastuussa, verkkokauppa korjaa tai vaihtaa vialliset tavarat. Jos tavaroita ei voida korjata tai vaihtaa, verkkokauppa palauttaa ostajalle kaikki myyntisopimukseen liittyv\u00e4t maksut.<\/p><p>Verkkokauppa vastaa kuluttajan valitukseen kirjallisesti tai kirjallisesti j\u00e4ljennett\u00e4viss\u00e4 olevassa muodossa 15 p\u00e4iv\u00e4n kuluessa.<\/p><h3><strong>Suoramarkkinointi ja henkil\u00f6tietojen k\u00e4sittely<\/strong><\/h3><p>Verkkokauppa k\u00e4ytt\u00e4\u00e4 ostajan sy\u00f6tt\u00e4mi\u00e4 henkil\u00f6tietoja vain tilauksen k\u00e4sittelyyn ja tavaroiden l\u00e4hett\u00e4miseen ostajalle. Verkkokauppa v\u00e4litt\u00e4\u00e4 henkil\u00f6tietoja kuljetuspalveluja tarjoaville yrityksille tavaroiden toimittamista varten.<\/p><p>Verkkokauppa l\u00e4hett\u00e4\u00e4 uutiskirjeit\u00e4 ja tarjouksia ostajan s\u00e4hk\u00f6postiosoitteeseen vain, jos ostaja on ilmaissut halunsa siihen sy\u00f6tt\u00e4m\u00e4ll\u00e4 s\u00e4hk\u00f6postiosoitteensa verkkosivustolle, valitsemalla valintaruudun ja ilmoittamalla haluavansa vastaanottaa suoramainoksia.<\/p><p>Ostaja voi milloin tahansa kielt\u00e4yty\u00e4 vastaanottamasta s\u00e4hk\u00f6postitse l\u00e4hetettyj\u00e4 tarjouksia ja uutiskirjeit\u00e4 ilmoittamalla siit\u00e4 meille s\u00e4hk\u00f6postitse tai noudattamalla tarjouksia sis\u00e4lt\u00e4v\u00e4ss\u00e4 s\u00e4hk\u00f6postiviestiss\u00e4 annettuja ohjeita.<\/p><h3><strong>Riitojen ratkaiseminen<\/strong><\/h3><p>Jos ostajalla on valituksia verkkokaupasta, ne tulee l\u00e4hett\u00e4\u00e4 s\u00e4hk\u00f6postitse osoitteeseen shop@elektrikas.ee.<\/p><p>Jos ostaja ja verkkokauppa eiv\u00e4t pysty ratkaisemaan riitaa yhteisymm\u00e4rryksess\u00e4, ostaja voi vied\u00e4 asian kuluttajariitojen lautakuntaan. Menettelyn ehdot l\u00f6ytyv\u00e4t ja lausunto voidaan j\u00e4tt\u00e4\u00e4\u00a0<a href=\"https:\/\/komisjon.ee\/et\/avalduse-esitamine\" target=\"_blank\" rel=\"noopener noreferrer\">t\u00e4\u00e4ll\u00e4<\/a>. Kuluttajariitojen komitea on toimivaltainen ratkaisemaan ostajan ja verkkokaupan v\u00e4lisist\u00e4 sopimuksista johtuvia riitoja. Komitea k\u00e4sittelee ostajan valituksen maksutta.<\/p><p>Ostaja voi ottaa yhteytt\u00e4 Euroopan unionin kuluttajariitojen ratkaisualustaan.\u00a0<a href=\"https:\/\/ec.europa.eu\/consumers\/odr\/main\/index.cfm?event=main.home2.show&amp;lng=ET\" target=\"_blank\" rel=\"noopener noreferrer\">puolet<\/a>.<\/p>\t\t\t\t\t\t\t\t<\/div>\n\t\t\t\t<\/div>\n\t\t\t\t\t<\/div>\n\t\t<\/div>\n\t\t\t\t\t<\/div>\n\t\t<\/section>\n\t\t\t\t<\/div>","protected":false},"excerpt":{"rendered":"<p>Tellimis- ja tarnetingimused Veebipoe elektikas.ee (edaspidi Veebipood) omanik on STRAT O\u00dc (registrikood 14627694 ), asukohaga M\u00f5isavahe tn 46-116, 50708 Tartu linn, Tartu maakond. M\u00fc\u00fcgilepingu kehtivus, kauba- ja hinnainfo M\u00fc\u00fcgitingimused kehtivad Veebipoest kaupade ostmisel. Veebipoes m\u00fc\u00fcdavate toodete hinnad on m\u00e4rgitud toodete juurde. Hinnale lisandub tasu kauba k\u00e4ttetoimetamise eest. K\u00f5ik veebipoes m\u00fc\u00fcdavate kaupade hinnad on eurodes. Kauba [&hellip;]<\/p>","protected":false},"author":4,"featured_media":0,"parent":0,"menu_order":0,"comment_status":"closed","ping_status":"closed","template":"","meta":{"footnotes":""},"categories":[],"tags":[],"class_list":["post-17018","page","type-page","status-publish","hentry"],"_links":{"self":[{"href":"https:\/\/www.elektrikas.ee\/fi\/wp-json\/wp\/v2\/pages\/17018","targetHints":{"allow":["GET"]}}],"collection":[{"href":"https:\/\/www.elektrikas.ee\/fi\/wp-json\/wp\/v2\/pages"}],"about":[{"href":"https:\/\/www.elektrikas.ee\/fi\/wp-json\/wp\/v2\/types\/page"}],"author":[{"embeddable":true,"href":"https:\/\/www.elektrikas.ee\/fi\/wp-json\/wp\/v2\/users\/4"}],"replies":[{"embeddable":true,"href":"https:\/\/www.elektrikas.ee\/fi\/wp-json\/wp\/v2\/comments?post=17018"}],"version-history":[{"count":5,"href":"https:\/\/www.elektrikas.ee\/fi\/wp-json\/wp\/v2\/pages\/17018\/revisions"}],"predecessor-version":[{"id":19726,"href":"https:\/\/www.elektrikas.ee\/fi\/wp-json\/wp\/v2\/pages\/17018\/revisions\/19726"}],"wp:attachment":[{"href":"https:\/\/www.elektrikas.ee\/fi\/wp-json\/wp\/v2\/media?parent=17018"}],"wp:term":[{"taxonomy":"category","embeddable":true,"href":"https:\/\/www.elektrikas.ee\/fi\/wp-json\/wp\/v2\/categories?post=17018"},{"taxonomy":"post_tag","embeddable":true,"href":"https:\/\/www.elektrikas.ee\/fi\/wp-json\/wp\/v2\/tags?post=17018"}],"curies":[{"name":"wp","href":"https:\/\/api.w.org\/{rel}","templated":true}]}}